{"id":12774,"date":"2020-11-25T16:23:02","date_gmt":"2020-11-25T16:23:02","guid":{"rendered":"https:\/\/countydonegalfrs.ie\/castlefinnfrs\/?page_id=12774"},"modified":"2020-12-04T11:29:10","modified_gmt":"2020-12-04T11:29:10","slug":"raiteas-priobhaideachais-inrochtaineachta","status":"publish","type":"page","link":"https:\/\/countydonegalfrs.ie\/castlefinnfrs\/index.php\/raiteas-priobhaideachais-inrochtaineachta\/","title":{"rendered":"R\u00e1iteas Pr\u00edobh\u00e1ideachais &#038; Inrochtaineachta"},"content":{"rendered":"\t\t<div data-elementor-type=\"wp-page\" data-elementor-id=\"12774\" class=\"elementor elementor-12774\" data-elementor-settings=\"[]\">\n\t\t\t\t\t\t<div class=\"elementor-inner\">\n\t\t\t\t\t\t\t<div class=\"elementor-section-wrap\">\n\t\t\t\t\t\t\t<section class=\"elementor-section elementor-top-section elementor-element elementor-element-3a44bcc elementor-section-boxed elementor-section-height-default elementor-section-height-default\" data-id=\"3a44bcc\" data-element_type=\"section\">\n\t\t\t\t\t\t<div class=\"elementor-container elementor-column-gap-default\">\n\t\t\t\t\t\t\t<div class=\"elementor-row\">\n\t\t\t\t\t<div class=\"elementor-column elementor-col-100 elementor-top-column elementor-element elementor-element-f45b822\" data-id=\"f45b822\" data-element_type=\"column\">\n\t\t\t<div class=\"elementor-column-wrap elementor-element-populated\">\n\t\t\t\t\t\t\t<div class=\"elementor-widget-wrap\">\n\t\t\t\t\t\t<div class=\"elementor-element elementor-element-92c6f2b elementor-widget elementor-widget-text-editor\" data-id=\"92c6f2b\" data-element_type=\"widget\" data-widget_type=\"text-editor.default\">\n\t\t\t\t<div class=\"elementor-widget-container\">\n\t\t\t\t\t<div class=\"elementor-text-editor elementor-clearfix\"><h2>R\u00e1iteas Pr\u00edobh\u00e1ideachais<\/h2><p>T\u00e1 meas ag Oifig na nOibreacha Poibl\u00ed agus ag Comhairle Contae Dh\u00fan na nGall ar chearta a n-\u00fas\u00e1ideoir\u00ed agus n\u00ed gn\u00e1ch leo eolas pearsanta de chine\u00e1l ar bith a bhaili\u00fa. M\u00e1 chuireann \u00fas\u00e1ideoir eolas ar f\u00e1il ar bhonn deonach mar fhreagairt ar cheistneoir n\u00f3 suirbh\u00e9, bainfear \u00fas\u00e1id as na sonra\u00ed chun cr\u00edche taighde n\u00f3 anail\u00edse amh\u00e1in.<\/p><p>Nuair a dh\u00e9antar brabhs\u00e1il ghinear\u00e1lta, n\u00ed nochtar aon eolas pearsanta d\u00fainn, c\u00e9 go bhfuil faisn\u00e9is staitisti\u00fail \u00e1irithe ar f\u00e1il d\u00fainn tr\u00edd \u00e1r sol\u00e1thr\u00f3ir seirbh\u00edse idirl\u00edn. D\u2019fh\u00e9adfadh an t-eolas a leanas a bheith san \u00e1ireamh:<\/p><ul><li>An seoladh loighci\u00fail den fhreastala\u00ed at\u00e1 \u00e1 \u00fas\u00e1id agat;<\/li><li>An t-ainm fearainn barrleibh\u00e9il as a bhfaigheann t\u00fa rochtain ar an Idirl\u00edon (mar shampla, .ie, com, .org etc.);<\/li><li>An saghas brabhs\u00e1la\u00ed at\u00e1 \u00e1 \u00fas\u00e1id agat;<\/li><li>An d\u00e1ta agus an t-am a th\u00e9ann t\u00fa isteach in\u00e1r su\u00edomh gr\u00e9as\u00e1in;<\/li><li>An seoladh Idirl\u00edn a \u00fas\u00e1idtear chun nasc a dh\u00e9anamh len\u00e1r su\u00edomh gr\u00e9as\u00e1in.<\/li><\/ul><p>Bainfear \u00fas\u00e1id as roinnt den fhaisn\u00e9is thuas chun staitisic\u00ed achoimre a chruth\u00fa a chuireann ar \u00e1r gcumas rochtain a fh\u00e1il ar l\u00edon na gcuairteoir\u00ed ar \u00e1r su\u00edomh, chun na leathanaigh is m\u00f3 a fhaightear rochtain orthu a aithint, agus chun \u00e1r su\u00edomh a dh\u00e9anamh n\u00edos \u00e1isi\u00fala don \u00fas\u00e1ideoir i gcoitinne.<\/p><p>Baineann an su\u00edomh gr\u00e9as\u00e1in seo \u00fas\u00e1id as Google Analytics chun anail\u00eds a dh\u00e9anamh ar conas a bhaineann \u00fas\u00e1ideoir\u00ed \u00fas\u00e1id as an su\u00edomh. \u00das\u00e1ideann an uirlis anail\u00edseach seo cuacha, comhaid t\u00e9acs a chuirtear ar do r\u00edomhaire, chun faisn\u00e9is caighde\u00e1nach loga a bhaili\u00fa agus faisn\u00e9is a bhaili\u00fa, ar bhealach anaithnid, maidir le hiompar cuairteoir\u00ed. Cuirtear an fhaisn\u00e9is a ghintear tr\u00edd an gcuach maidir leis an \u00fas\u00e1id a bhaineann t\u00fa as an su\u00edomh (do sheoladh IP san \u00e1ireamh) ar aghaidh go dt\u00ed Google. \u00das\u00e1idtear ansin \u00ed chun meas\u00fan\u00fa a dh\u00e9anamh ar an \u00fas\u00e1id a bhaineann cuairteoir\u00ed as an su\u00edomh agus chun tuarasc\u00e1lacha staitisti\u00fala a chur le ch\u00e9ile maidir le gn\u00edomha\u00edocht ar an su\u00edomh d\u2019Oifig na nOibreacha Poibl\u00ed agus Comhairle Contae Dh\u00fan na nGall.<\/p><p>N\u00ed bhaineann Oifig na nOibreacha Poibl\u00ed agus Comhairle Contae Dh\u00fan na nGall \u00fas\u00e1id as an uirlis anail\u00edse staitisici\u00fala chun faisn\u00e9is a rian\u00fa n\u00e1 a bhaili\u00fa, a d\u2019fh\u00e9adfa\u00ed a nascadh go pearsanta le cuairteoir\u00ed ar \u00e1r su\u00edomh. N\u00ed cheangla\u00edmid na sonra\u00ed a bhail\u00edtear \u00f3n su\u00edomh seo le faisn\u00e9is ar bith \u00f3 fhoinse ar bith mar chuid den \u00fas\u00e1id a bhainimid as uirlis anail\u00edse staitisici\u00fala Google. N\u00ed cheangla\u00edonn Google do sheoladh IP le haon sonra\u00ed eile at\u00e1 i seilbh Google. N\u00ed dh\u00e9anann OPW, Comhairle Contae Dh\u00fan na nGall n\u00e1 Google nasc, agus n\u00ed dh\u00e9anann siad iarracht nasc a chruth\u00fa, idir seoladh IP agus \u00fas\u00e1ideoir r\u00edomhaire.<\/p><ul><li>Eolas Pearsanta<\/li><\/ul><p>D\u2019fh\u00e9adfaim\u00eds iarradh ort do sheoladh r\u00edomhphoist a thabhairt d\u00fainn mar fhreagairt ar iarratas uaitse le haghaidh tuilleadh eolais. N\u00ed dh\u00e9anfar \u00e9 seo a thaifeadadh ach amh\u00e1in sa ch\u00e1s go gcuireann t\u00fa r\u00edomhphost chugainn. N\u00ed bhainfear \u00fas\u00e1id as ach amh\u00e1in chun na cr\u00edche as ar chuir t\u00fa ar f\u00e1il \u00e9 agus n\u00ed chuirfear ar liosta seolta\u00ed \u00e9.<\/p><h2>R\u00e1iteas Inrochtaineachta<\/h2><p>T\u00e1 RPS, thar ceann OPW agus Comhairle Contae Dh\u00fan na nGall, tiomanta inrochtaineacht dhigiteach a chinnti\u00fa do dhaoine faoi mh\u00edchumas. Cuirimid feabhas lean\u00fanach ar thaith\u00ed an \u00fas\u00e1ideora do ch\u00e1ch, agus cuirimid na caighde\u00e1in inrochtaineachta \u00e1bhartha i bhfeidhm.<\/p><p><strong>St\u00e1das maidir le Comhl\u00edonadh<\/strong><br \/>Leagann\u00a0<a href=\"https:\/\/www.w3.org\/WAI\/standards-guidelines\/wcag\/\">Treoirl\u00ednte Inrochtaineachta um \u00c1bhar Su\u00edmh Ghr\u00e9as\u00e1in (WCAG)<\/a>\u00a0s\u00edos na riachtanais at\u00e1 ag dearth\u00f3ir\u00ed agus ag forbr\u00f3ir\u00ed inrochtaineacht a fheabhs\u00fa do dhaoine faoi mh\u00edchumas. T\u00e1 tr\u00ed leibh\u00e9al feidhm\u00edochta i gceist: Leibh\u00e9al A, Leibh\u00e9al AA, agus Leibh\u00e9al AAA.\u00a0 T\u00e1 Sc\u00e9im Faoisimh Tuilte <strong>Chaisle\u00e1n na Finne<\/strong> \u00a0i gcomhr\u00e9ir go hioml\u00e1n le WCAG 2.1 leibh\u00e9al AA. Cailla\u00edonn s\u00e9 sin go gcomhl\u00edonann an t-\u00e1bhar an caighde\u00e1n<\/p><p><strong>Aiseolas<\/strong><br \/>F\u00e1ilt\u00edmid roimh do chuid aiseolais ar inrochtaineacht na Sc\u00e9ime Faoisimh Tuilte i gCaisle\u00e1n na Finne. Cuir in i\u00fal d\u00fainn, le do thoil, m\u00e1 bh\u00edonn fadhbanna inrochtaineachta agat maidir le Sc\u00e9im Faoisimh Tuilte Chaisle\u00e1n na Finne:<\/p><ul><li>R\u00edomhphost: Castlefinnfrs@rpsgroup.com<\/li><li>Seoladh poist: Ionad Fiontra\u00edochta agus Gn\u00f3, Baile Raithin, Leitir Ceanainn, Co. Dh\u00fan na nGall, F92 AF43<\/li><\/ul><\/div>\n\t\t\t\t<\/div>\n\t\t\t\t<\/div>\n\t\t\t\t\t\t<\/div>\n\t\t\t\t\t<\/div>\n\t\t<\/div>\n\t\t\t\t\t\t\t\t<\/div>\n\t\t\t\t\t<\/div>\n\t\t<\/section>\n\t\t\t\t\t\t<\/div>\n\t\t\t\t\t\t<\/div>\n\t\t\t\t\t<\/div>\n\t\t","protected":false},"excerpt":{"rendered":"<p>R\u00e1iteas Pr\u00edobh\u00e1ideachais T\u00e1 meas ag Oifig na nOibreacha Poibl\u00ed agus ag Comhairle Contae Dh\u00fan na nGall ar chearta a n-\u00fas\u00e1ideoir\u00ed agus n\u00ed gn\u00e1ch leo eolas pearsanta de chine\u00e1l ar bith a bhaili\u00fa. M\u00e1 chuireann \u00fas\u00e1ideoir eolas ar f\u00e1il ar bhonn deonach mar fhreagairt ar cheistneoir n\u00f3 suirbh\u00e9, bainfear \u00fas\u00e1id as na sonra\u00ed chun cr\u00edche taighde&#8230;<\/p>\n","protected":false},"author":6,"featured_media":0,"parent":0,"menu_order":0,"comment_status":"closed","ping_status":"closed","template":"","meta":[],"_links":{"self":[{"href":"https:\/\/countydonegalfrs.ie\/castlefinnfrs\/index.php\/wp-json\/wp\/v2\/pages\/12774"}],"collection":[{"href":"https:\/\/countydonegalfrs.ie\/castlefinnfrs\/index.php\/wp-json\/wp\/v2\/pages"}],"about":[{"href":"https:\/\/countydonegalfrs.ie\/castlefinnfrs\/index.php\/wp-json\/wp\/v2\/types\/page"}],"author":[{"embeddable":true,"href":"https:\/\/countydonegalfrs.ie\/castlefinnfrs\/index.php\/wp-json\/wp\/v2\/users\/6"}],"replies":[{"embeddable":true,"href":"https:\/\/countydonegalfrs.ie\/castlefinnfrs\/index.php\/wp-json\/wp\/v2\/comments?post=12774"}],"version-history":[{"count":3,"href":"https:\/\/countydonegalfrs.ie\/castlefinnfrs\/index.php\/wp-json\/wp\/v2\/pages\/12774\/revisions"}],"predecessor-version":[{"id":12790,"href":"https:\/\/countydonegalfrs.ie\/castlefinnfrs\/index.php\/wp-json\/wp\/v2\/pages\/12774\/revisions\/12790"}],"wp:attachment":[{"href":"https:\/\/countydonegalfrs.ie\/castlefinnfrs\/index.php\/wp-json\/wp\/v2\/media?parent=12774"}],"curies":[{"name":"wp","href":"https:\/\/api.w.org\/{rel}","templated":true}]}}