{"id":12534,"date":"2020-11-26T14:55:31","date_gmt":"2020-11-26T14:55:31","guid":{"rendered":"https:\/\/countydonegalfrs.ie\/downingsfrs\/?page_id=12534"},"modified":"2020-12-10T08:54:15","modified_gmt":"2020-12-10T08:54:15","slug":"rannphaiteachas-poibli-pairtithe-leasmhara","status":"publish","type":"page","link":"https:\/\/countydonegalfrs.ie\/downingsfrs\/index.php\/rannphaiteachas-poibli-pairtithe-leasmhara\/","title":{"rendered":"Rannph\u00e1iteachas Poibl\u00ed &#038; P\u00e1irtithe Leasmhara"},"content":{"rendered":"\t\t<div data-elementor-type=\"wp-page\" data-elementor-id=\"12534\" class=\"elementor elementor-12534\" data-elementor-settings=\"[]\">\n\t\t\t\t\t\t<div class=\"elementor-inner\">\n\t\t\t\t\t\t\t<div class=\"elementor-section-wrap\">\n\t\t\t\t\t\t\t<section class=\"elementor-section elementor-top-section elementor-element elementor-element-99aefea elementor-section-boxed elementor-section-height-default elementor-section-height-default\" data-id=\"99aefea\" data-element_type=\"section\">\n\t\t\t\t\t\t<div class=\"elementor-container elementor-column-gap-default\">\n\t\t\t\t\t\t\t<div class=\"elementor-row\">\n\t\t\t\t\t<div class=\"elementor-column elementor-col-100 elementor-top-column elementor-element elementor-element-319e95e\" data-id=\"319e95e\" data-element_type=\"column\">\n\t\t\t<div class=\"elementor-column-wrap elementor-element-populated\">\n\t\t\t\t\t\t\t<div class=\"elementor-widget-wrap\">\n\t\t\t\t\t\t<div class=\"elementor-element elementor-element-bb03c42 elementor-widget elementor-widget-text-editor\" data-id=\"bb03c42\" data-element_type=\"widget\" data-widget_type=\"text-editor.default\">\n\t\t\t\t<div class=\"elementor-widget-container\">\n\t\t\t\t\t<div class=\"elementor-text-editor elementor-clearfix\"><p>Mar chuid d\u2019fhorbairt na Sc\u00e9ime Faoisimh Tuilte, tabharfar cuireadh don phobal p\u00e1irt a ghlacadh in imeachta\u00ed comhairli\u00fach\u00e1in leis an bhfoireann tionscadail, agus beidh rochtain acu ar dhoicim\u00e9id na Sc\u00e9ime agus an t-eolas is deireana\u00ed tr\u00edd an su\u00edomh gr\u00e9as\u00e1in seo.<\/p><p>Spreagtar an pobal chun p\u00e1irt a ghlacadh in imeachta\u00ed Comhairli\u00fach\u00e1in Phoibl\u00ed a re\u00e1cht\u00e1lfar ag c\u00e9imeanna \u00e9ags\u00fala den tionscadal agus aon eolas \u00e1bhartha a bhaineann le tuilte sa cheantar a thabhairt don fhoireann tionscadail.<\/p><p>De bharr na g\u00e9arch\u00e9ime sl\u00e1inte poibl\u00ed COVID-19, n\u00ed re\u00e1cht\u00e1lfar L\u00e1 Comhairli\u00fach\u00e1in Phoibl\u00ed (PCD) pearsanta. Ina ionad sin, re\u00e1cht\u00e1lfar an Comhairli\u00fach\u00e1n Poibl\u00ed Tosaigh ar an tairseach ar l\u00edne (<a href=\"https:\/\/countydonegalfrs.ie\/downingsfrs\/index.php\/comhairliuchan-poibli-tosaigh\/\">https:\/\/countydonegalfrs.ie\/downingsfrs\/index.php\/comhairliuchan-poibli-tosaigh<\/a>) agus tos\u00f3far ag seoladh litreacha ar 9 Samhain 2020. Beidh an tairseach Comhairli\u00fach\u00e1in Poibl\u00ed ar oscailt ar feadh s\u00e9 seachtaine ina dhiaidh sin. Re\u00e1cht\u00e1lfar Imeacht Comhairli\u00fach\u00e1n Poibl\u00ed eile (an dara ceann) nuair a shocra\u00edtear ar sc\u00e9im agus nuair a chomhaont\u00f3far leis an nGr\u00fapa Sti\u00fartha \u00ed.<\/p><p>Is f\u00e9idir ceisteanna \/ aighneachta\u00ed a chur isteach chuig an bhfoireann tionscadail le r\u00edomhphost agus sa phost.<\/p><p>Post: An Fhoireann Tionscadail, Sc\u00e9im Faoisimh Tuilte Na D\u00fanaibh, RPS, Ionad Fiontra\u00edochta agus Gn\u00f3, Baile Raithin, Leitir Ceanainn, Co. Dh\u00fan na nGall, F92 AF43<\/p><p>R\u00edomhphost: <a href=\"mailto:Downingsfrs@rpsgroup.com\">Downingsfrs@rpsgroup.com<\/a><\/p><p>Pr\u00edomhdh\u00e1ta\u00ed don Chomhairli\u00fach\u00e1n Poibl\u00ed<\/p><p><strong>C\u00e9im I Comhairli\u00fach\u00e1n Poibl\u00ed Tosaigh <\/strong><\/p><p>Cuirfear Comhairli\u00fach\u00e1n Poibl\u00ed Tosaigh ar bun ar 9 Samhain 2020.<\/p><p><strong>C\u00e9im I Comhairli\u00fach\u00e1n Poibl\u00ed Deiridh<\/strong><\/p><p>Deimhneofar na socruithe don 2\u00fa Comhairli\u00fach\u00e1n Poibl\u00ed chun deireadh a chur le C\u00e9im 1, nuair a roghn\u00f3far sc\u00e9im agus nuair a chomhaont\u00f3far \u00ed leis an nGr\u00fapa Sti\u00fartha. Cuirfear P\u00e1irtithe Leasmhara agus baill den phobal ar an eolas maidir leis na socruithe roimh r\u00e9.<\/p><p>Beidh Taispe\u00e1ntas Poibl\u00ed ann freisin mar chuid den phr\u00f3iseas plean\u00e1la reacht\u00fail ig C\u00e9im II den tionscadal.N<\/p><\/div>\n\t\t\t\t<\/div>\n\t\t\t\t<\/div>\n\t\t\t\t\t\t<\/div>\n\t\t\t\t\t<\/div>\n\t\t<\/div>\n\t\t\t\t\t\t\t\t<\/div>\n\t\t\t\t\t<\/div>\n\t\t<\/section>\n\t\t\t\t\t\t<\/div>\n\t\t\t\t\t\t<\/div>\n\t\t\t\t\t<\/div>\n\t\t","protected":false},"excerpt":{"rendered":"<p>Mar chuid d\u2019fhorbairt na Sc\u00e9ime Faoisimh Tuilte, tabharfar cuireadh don phobal p\u00e1irt a ghlacadh in imeachta\u00ed comhairli\u00fach\u00e1in leis an bhfoireann tionscadail, agus beidh rochtain acu ar dhoicim\u00e9id na Sc\u00e9ime agus an t-eolas is deireana\u00ed tr\u00edd an su\u00edomh gr\u00e9as\u00e1in seo. Spreagtar an pobal chun p\u00e1irt a ghlacadh in imeachta\u00ed Comhairli\u00fach\u00e1in Phoibl\u00ed a re\u00e1cht\u00e1lfar ag c\u00e9imeanna \u00e9ags\u00fala&#8230;<\/p>\n","protected":false},"author":6,"featured_media":0,"parent":0,"menu_order":0,"comment_status":"closed","ping_status":"closed","template":"","meta":[],"_links":{"self":[{"href":"https:\/\/countydonegalfrs.ie\/downingsfrs\/index.php\/wp-json\/wp\/v2\/pages\/12534"}],"collection":[{"href":"https:\/\/countydonegalfrs.ie\/downingsfrs\/index.php\/wp-json\/wp\/v2\/pages"}],"about":[{"href":"https:\/\/countydonegalfrs.ie\/downingsfrs\/index.php\/wp-json\/wp\/v2\/types\/page"}],"author":[{"embeddable":true,"href":"https:\/\/countydonegalfrs.ie\/downingsfrs\/index.php\/wp-json\/wp\/v2\/users\/6"}],"replies":[{"embeddable":true,"href":"https:\/\/countydonegalfrs.ie\/downingsfrs\/index.php\/wp-json\/wp\/v2\/comments?post=12534"}],"version-history":[{"count":7,"href":"https:\/\/countydonegalfrs.ie\/downingsfrs\/index.php\/wp-json\/wp\/v2\/pages\/12534\/revisions"}],"predecessor-version":[{"id":12607,"href":"https:\/\/countydonegalfrs.ie\/downingsfrs\/index.php\/wp-json\/wp\/v2\/pages\/12534\/revisions\/12607"}],"wp:attachment":[{"href":"https:\/\/countydonegalfrs.ie\/downingsfrs\/index.php\/wp-json\/wp\/v2\/media?parent=12534"}],"curies":[{"name":"wp","href":"https:\/\/api.w.org\/{rel}","templated":true}]}}