{"id":12571,"date":"2020-12-04T10:54:48","date_gmt":"2020-12-04T10:54:48","guid":{"rendered":"https:\/\/countydonegalfrs.ie\/downingsfrs\/?page_id=12571"},"modified":"2021-09-15T08:42:21","modified_gmt":"2021-09-15T08:42:21","slug":"nuacht","status":"publish","type":"page","link":"https:\/\/countydonegalfrs.ie\/downingsfrs\/index.php\/nuacht\/","title":{"rendered":"Nuacht"},"content":{"rendered":"\t\t<div data-elementor-type=\"wp-page\" data-elementor-id=\"12571\" class=\"elementor elementor-12571\" data-elementor-settings=\"[]\">\n\t\t\t\t\t\t<div class=\"elementor-inner\">\n\t\t\t\t\t\t\t<div class=\"elementor-section-wrap\">\n\t\t\t\t\t\t\t<section class=\"elementor-section elementor-top-section elementor-element elementor-element-a434b06 elementor-section-boxed elementor-section-height-default elementor-section-height-default\" data-id=\"a434b06\" data-element_type=\"section\">\n\t\t\t\t\t\t<div class=\"elementor-container elementor-column-gap-default\">\n\t\t\t\t\t\t\t<div class=\"elementor-row\">\n\t\t\t\t\t<div class=\"elementor-column elementor-col-100 elementor-top-column elementor-element elementor-element-fb638b6\" data-id=\"fb638b6\" data-element_type=\"column\">\n\t\t\t<div class=\"elementor-column-wrap elementor-element-populated\">\n\t\t\t\t\t\t\t<div class=\"elementor-widget-wrap\">\n\t\t\t\t\t\t<div class=\"elementor-element elementor-element-fbade94 elementor-widget elementor-widget-text-editor\" data-id=\"fbade94\" data-element_type=\"widget\" data-widget_type=\"text-editor.default\">\n\t\t\t\t<div class=\"elementor-widget-container\">\n\t\t\t\t\t<div class=\"elementor-text-editor elementor-clearfix\"><p><!-- wp:heading {\"level\":3} --><\/p>\n<h3 data-wahfont=\"15\">Nuachtlitreacha:<\/h3>\n<div>\n<p data-wahfont=\"14\">D\u00e9anfar nuachtlitir tionscadail a uasl\u00f3d\u00e1il gach tr\u00ed mh\u00ed, ina mbeidh eolas ar ghn\u00edomha\u00edochta\u00ed a rinneadh le d\u00e9ana\u00ed, gn\u00edomha\u00edochta\u00ed at\u00e1 le teacht agus eolas \u00e1bhartha eile.<\/p>\n<\/div>\n<p><!-- \/wp:heading --><!-- wp:media-text {\"mediaId\":12203,\"mediaType\":\"image\",\"mediaWidth\":24,\"isStackedOnMobile\":false,\"className\":\"alignwide\"} --><\/p>\n<div class=\"wp-block-media-text alignwide\" style=\"grid-template-columns: 24% auto;\">\n<figure class=\"wp-block-media-text__media\"><a href=\"https:\/\/countydonegalfrs.ie\/downingsfrs\/wp-content\/uploads\/2020\/10\/Downing.jpg\"><img loading=\"lazy\" class=\"alignnone size-full wp-image-12413\" src=\"https:\/\/countydonegalfrs.ie\/downingsfrs\/wp-content\/uploads\/2020\/10\/Downing.jpg\" alt=\"\" width=\"995\" height=\"700\" srcset=\"https:\/\/countydonegalfrs.ie\/downingsfrs\/wp-content\/uploads\/2020\/10\/Downing.jpg 995w, https:\/\/countydonegalfrs.ie\/downingsfrs\/wp-content\/uploads\/2020\/10\/Downing-300x211.jpg 300w, https:\/\/countydonegalfrs.ie\/downingsfrs\/wp-content\/uploads\/2020\/10\/Downing-768x540.jpg 768w, https:\/\/countydonegalfrs.ie\/downingsfrs\/wp-content\/uploads\/2020\/10\/Downing-400x281@2x.jpg 800w, https:\/\/countydonegalfrs.ie\/downingsfrs\/wp-content\/uploads\/2020\/10\/Downing-615x433.jpg 615w, https:\/\/countydonegalfrs.ie\/downingsfrs\/wp-content\/uploads\/2020\/10\/Downing-400x281.jpg 400w, https:\/\/countydonegalfrs.ie\/downingsfrs\/wp-content\/uploads\/2020\/10\/Downing-292x205.jpg 292w, https:\/\/countydonegalfrs.ie\/downingsfrs\/wp-content\/uploads\/2020\/10\/Downing-300x211@2x.jpg 600w, https:\/\/countydonegalfrs.ie\/downingsfrs\/wp-content\/uploads\/2020\/10\/Downing-292x205@2x.jpg 584w\" sizes=\"(max-width: 995px) 100vw, 995px\" \/><\/a><\/figure>\n<div class=\"wp-block-media-text__content\">\n<p><!-- wp:paragraph --><\/p>\n<p style=\"margin: 0cm 0cm 0.0001pt; line-height: 15pt; background-image: initial; background-position: initial; background-size: initial; background-repeat: initial; background-attachment: initial; background-origin: initial; background-clip: initial;\"><a href=\"https:\/\/countydonegalfrs.ie\/downingsfrs\/wp-content\/uploads\/2020\/12\/DB1_Na-Dunaibh_OPC-Newsletter_IrishTranslation_V2.pdf\"><strong><span style=\"font-size: 10.5pt; font-family: Arial, sans-serif; padding: 0cm; border: 1pt none windowtext;\">Na D\u00fanaibh FRS Newsletter 01<\/span><\/strong><\/a><\/p>\n<p style=\"margin: 12pt 0cm; line-height: 15pt; background-image: initial; background-position: initial; background-size: initial; background-repeat: initial; background-attachment: initial; background-origin: initial; background-clip: initial;\">I Nuachtlitir 1 t\u00e1 an ch\u00e9ad nuashonr\u00fa r\u00e1ithi\u00fail ina bhfuil eolas ar ch\u00falra an staid\u00e9ir, an ch\u00e9im ag a bhfuil an staid\u00e9ar, cur s\u00edos ar chl\u00e1r na Sc\u00e9ime agus ar na ch\u00e9ad ch\u00e9imeanna eile den tionscadal.<\/p>\n<div>\n<div>\n<div id=\"_com_1\" class=\"msocomtxt\">\n<p><!-- [if !supportAnnotations]--><\/p>\n<\/div>\n<p><!--[endif]--><\/p>\n<\/div>\n<\/div>\n<\/div>\n<\/div>\n<div class=\"wp-block-media-text alignwide\" style=\"grid-template-columns: 24% auto;\">\n<div class=\"wp-block-media-text__content\"><!-- \/wp:paragraph --><\/div>\n<\/div>\n<p><!-- \/wp:media-text --><\/p><\/div>\n\t\t\t\t<\/div>\n\t\t\t\t<\/div>\n\t\t\t\t\t\t<\/div>\n\t\t\t\t\t<\/div>\n\t\t<\/div>\n\t\t\t\t\t\t\t\t<\/div>\n\t\t\t\t\t<\/div>\n\t\t<\/section>\n\t\t\t\t<section class=\"elementor-section elementor-top-section elementor-element elementor-element-2d83310 elementor-section-boxed elementor-section-height-default elementor-section-height-default\" data-id=\"2d83310\" data-element_type=\"section\">\n\t\t\t\t\t\t<div class=\"elementor-container elementor-column-gap-default\">\n\t\t\t\t\t\t\t<div class=\"elementor-row\">\n\t\t\t\t\t<div class=\"elementor-column elementor-col-100 elementor-top-column elementor-element elementor-element-83edfac\" data-id=\"83edfac\" data-element_type=\"column\">\n\t\t\t<div class=\"elementor-column-wrap elementor-element-populated\">\n\t\t\t\t\t\t\t<div class=\"elementor-widget-wrap\">\n\t\t\t\t\t\t<div class=\"elementor-element elementor-element-72caedb elementor-widget elementor-widget-text-editor\" data-id=\"72caedb\" data-element_type=\"widget\" data-widget_type=\"text-editor.default\">\n\t\t\t\t<div class=\"elementor-widget-container\">\n\t\t\t\t\t<div class=\"elementor-text-editor elementor-clearfix\"><p><!-- wp:heading {\"level\":3} --><\/p>\n<h3 data-wahfont=\"15\">\u00a0<\/h3>\n<p><!-- \/wp:heading --><!-- wp:media-text {\"mediaId\":12203,\"mediaType\":\"image\",\"mediaWidth\":24,\"isStackedOnMobile\":false,\"className\":\"alignwide\"} --><\/p>\n<div class=\"wp-block-media-text alignwide\" style=\"grid-template-columns: 24% auto;\">\n<figure class=\"wp-block-media-text__media\"><a href=\"https:\/\/countydonegalfrs.ie\/downingsfrs\/wp-content\/uploads\/2020\/10\/Downing.jpg\"><img loading=\"lazy\" class=\"alignnone size-full wp-image-12413\" src=\"https:\/\/countydonegalfrs.ie\/downingsfrs\/wp-content\/uploads\/2020\/10\/Downing.jpg\" alt=\"\" width=\"995\" height=\"700\" srcset=\"https:\/\/countydonegalfrs.ie\/downingsfrs\/wp-content\/uploads\/2020\/10\/Downing.jpg 995w, https:\/\/countydonegalfrs.ie\/downingsfrs\/wp-content\/uploads\/2020\/10\/Downing-300x211.jpg 300w, https:\/\/countydonegalfrs.ie\/downingsfrs\/wp-content\/uploads\/2020\/10\/Downing-768x540.jpg 768w, https:\/\/countydonegalfrs.ie\/downingsfrs\/wp-content\/uploads\/2020\/10\/Downing-400x281@2x.jpg 800w, https:\/\/countydonegalfrs.ie\/downingsfrs\/wp-content\/uploads\/2020\/10\/Downing-615x433.jpg 615w, https:\/\/countydonegalfrs.ie\/downingsfrs\/wp-content\/uploads\/2020\/10\/Downing-400x281.jpg 400w, https:\/\/countydonegalfrs.ie\/downingsfrs\/wp-content\/uploads\/2020\/10\/Downing-292x205.jpg 292w, https:\/\/countydonegalfrs.ie\/downingsfrs\/wp-content\/uploads\/2020\/10\/Downing-300x211@2x.jpg 600w, https:\/\/countydonegalfrs.ie\/downingsfrs\/wp-content\/uploads\/2020\/10\/Downing-292x205@2x.jpg 584w\" sizes=\"(max-width: 995px) 100vw, 995px\" \/><\/a><\/figure>\n<div class=\"wp-block-media-text__content\">\n<p><!-- wp:paragraph --><\/p>\n<p style=\"margin: 0cm 0cm 0.0001pt; line-height: 15pt; background-image: initial; background-position: initial; background-size: initial; background-repeat: initial; background-attachment: initial; background-origin: initial; background-clip: initial;\"><a href=\"https:\/\/countydonegalfrs.ie\/downingsfrs\/wp-content\/uploads\/2021\/05\/Downings-FRS-Newsletter02_Irish.pdf\"><strong><span style=\"font-size: 10.5pt; font-family: Arial, sans-serif; padding: 0cm; border: 1pt none windowtext;\">Na D\u00fanaibh FRS Newsletter 02<\/span><\/strong><\/a><\/p>\n<p>I Nuachtlitir 2 t\u00e1 an dara nuashonr\u00fa r\u00e1ithi\u00fail a shol\u00e1thra\u00edonn faisn\u00e9is faoi ch\u00falra an staid\u00e9ir, c\u00e9im an staid\u00e9ir, tuairisc ar chl\u00e1r na Sc\u00e9ime agus na ch\u00e9ad ch\u00e9imeanna eile den tionscadal.<\/p>\n<div>\n<div>\n<div id=\"_com_1\" class=\"msocomtxt\">\n<p><!-- [if !supportAnnotations]--><\/p>\n<\/div>\n<p><!--[endif]--><\/p>\n<\/div>\n<\/div>\n<\/div>\n<\/div>\n<div class=\"wp-block-media-text alignwide\" style=\"grid-template-columns: 24% auto;\">\n<div class=\"wp-block-media-text__content\"><!-- \/wp:paragraph --><\/div>\n<\/div>\n<p><!-- \/wp:media-text --><\/p><\/div>\n\t\t\t\t<\/div>\n\t\t\t\t<\/div>\n\t\t\t\t\t\t<\/div>\n\t\t\t\t\t<\/div>\n\t\t<\/div>\n\t\t\t\t\t\t\t\t<\/div>\n\t\t\t\t\t<\/div>\n\t\t<\/section>\n\t\t\t\t<section class=\"elementor-section elementor-top-section elementor-element elementor-element-40d1d8f elementor-section-boxed elementor-section-height-default elementor-section-height-default\" data-id=\"40d1d8f\" data-element_type=\"section\">\n\t\t\t\t\t\t<div class=\"elementor-container elementor-column-gap-default\">\n\t\t\t\t\t\t\t<div class=\"elementor-row\">\n\t\t\t\t\t<div class=\"elementor-column elementor-col-100 elementor-top-column elementor-element elementor-element-855c820\" data-id=\"855c820\" data-element_type=\"column\">\n\t\t\t<div class=\"elementor-column-wrap elementor-element-populated\">\n\t\t\t\t\t\t\t<div class=\"elementor-widget-wrap\">\n\t\t\t\t\t\t<div class=\"elementor-element elementor-element-3d899ff elementor-widget elementor-widget-text-editor\" data-id=\"3d899ff\" data-element_type=\"widget\" data-widget_type=\"text-editor.default\">\n\t\t\t\t<div class=\"elementor-widget-container\">\n\t\t\t\t\t<div class=\"elementor-text-editor elementor-clearfix\"><p><!-- wp:heading {\"level\":3} --><\/p>\n<div>\n<p data-wahfont=\"14\">\u00a0<\/p>\n<\/div>\n<p><!-- \/wp:heading --><!-- wp:media-text {\"mediaId\":12203,\"mediaType\":\"image\",\"mediaWidth\":24,\"isStackedOnMobile\":false,\"className\":\"alignwide\"} --><\/p>\n<div class=\"wp-block-media-text alignwide\" style=\"grid-template-columns: 24% auto;\">\n<figure class=\"wp-block-media-text__media\"><a href=\"https:\/\/countydonegalfrs.ie\/downingsfrs\/wp-content\/uploads\/2020\/10\/Downing.jpg\"><img loading=\"lazy\" class=\"alignnone size-full wp-image-12413\" src=\"https:\/\/countydonegalfrs.ie\/downingsfrs\/wp-content\/uploads\/2020\/10\/Downing.jpg\" alt=\"\" width=\"995\" height=\"700\" srcset=\"https:\/\/countydonegalfrs.ie\/downingsfrs\/wp-content\/uploads\/2020\/10\/Downing.jpg 995w, https:\/\/countydonegalfrs.ie\/downingsfrs\/wp-content\/uploads\/2020\/10\/Downing-300x211.jpg 300w, https:\/\/countydonegalfrs.ie\/downingsfrs\/wp-content\/uploads\/2020\/10\/Downing-768x540.jpg 768w, https:\/\/countydonegalfrs.ie\/downingsfrs\/wp-content\/uploads\/2020\/10\/Downing-400x281@2x.jpg 800w, https:\/\/countydonegalfrs.ie\/downingsfrs\/wp-content\/uploads\/2020\/10\/Downing-615x433.jpg 615w, https:\/\/countydonegalfrs.ie\/downingsfrs\/wp-content\/uploads\/2020\/10\/Downing-400x281.jpg 400w, https:\/\/countydonegalfrs.ie\/downingsfrs\/wp-content\/uploads\/2020\/10\/Downing-292x205.jpg 292w, https:\/\/countydonegalfrs.ie\/downingsfrs\/wp-content\/uploads\/2020\/10\/Downing-300x211@2x.jpg 600w, https:\/\/countydonegalfrs.ie\/downingsfrs\/wp-content\/uploads\/2020\/10\/Downing-292x205@2x.jpg 584w\" sizes=\"(max-width: 995px) 100vw, 995px\" \/><\/a><\/figure>\n<div class=\"wp-block-media-text__content\">\n<p><!-- wp:paragraph --><\/p>\n<p style=\"margin: 0cm 0cm 0.0001pt; line-height: 15pt; background-image: initial; background-position: initial; background-size: initial; background-repeat: initial; background-attachment: initial; background-origin: initial; background-clip: initial;\"><strong><a href=\"https:\/\/countydonegalfrs.ie\/downingsfrs\/wp-content\/uploads\/2021\/05\/Downings-FRS-Newsletter02_Irish.pdf\"><span style=\"font-size: 10.5pt; font-family: Arial, sans-serif; padding: 0cm; border: 1pt none windowtext;\"><a href=\"https:\/\/countydonegalfrs.ie\/downingsfrs\/wp-content\/uploads\/2021\/09\/Downing-Newsletter-3-Irish-translation.pdf\">Na D\u00fanaibh FRS Newsletter 3 <\/a><\/span><\/a><\/strong><\/p>\n<p>I Nuachtlitir 3 t\u00e1 an tr\u00ed\u00fa nuashonr\u00fa r\u00e1ithi\u00fail a shol\u00e1thra\u00edonn faisn\u00e9is faoi ch\u00falra an staid\u00e9ir, c\u00e9im an staid\u00e9ir, tuairisc ar chl\u00e1r na Sc\u00e9ime agus na ch\u00e9ad ch\u00e9imeanna eile den tionscadal.<\/p>\n<div>\n<div>\n<div id=\"_com_1\" class=\"msocomtxt\">\n<p><!-- [if !supportAnnotations]--><\/p>\n<\/div>\n<p><!--[endif]--><\/p>\n<\/div>\n<\/div>\n<\/div>\n<\/div>\n<div class=\"wp-block-media-text alignwide\" style=\"grid-template-columns: 24% auto;\">\n<div class=\"wp-block-media-text__content\"><!-- \/wp:paragraph --><\/div>\n<\/div>\n<p><!-- \/wp:media-text --><\/p><\/div>\n\t\t\t\t<\/div>\n\t\t\t\t<\/div>\n\t\t\t\t\t\t<\/div>\n\t\t\t\t\t<\/div>\n\t\t<\/div>\n\t\t\t\t\t\t\t\t<\/div>\n\t\t\t\t\t<\/div>\n\t\t<\/section>\n\t\t\t\t<section class=\"elementor-section elementor-top-section elementor-element elementor-element-4e2b90f elementor-section-boxed elementor-section-height-default elementor-section-height-default\" data-id=\"4e2b90f\" data-element_type=\"section\">\n\t\t\t\t\t\t<div class=\"elementor-container elementor-column-gap-default\">\n\t\t\t\t\t\t\t<div class=\"elementor-row\">\n\t\t\t\t\t<div class=\"elementor-column elementor-col-100 elementor-top-column elementor-element elementor-element-208e87c\" data-id=\"208e87c\" data-element_type=\"column\">\n\t\t\t<div class=\"elementor-column-wrap elementor-element-populated\">\n\t\t\t\t\t\t\t<div class=\"elementor-widget-wrap\">\n\t\t\t\t\t\t<div class=\"elementor-element elementor-element-6220e61 elementor-widget elementor-widget-text-editor\" data-id=\"6220e61\" data-element_type=\"widget\" data-widget_type=\"text-editor.default\">\n\t\t\t\t<div class=\"elementor-widget-container\">\n\t\t\t\t\t<div class=\"elementor-text-editor elementor-clearfix\"><p><!-- wp:heading {\"level\":3} --><\/p>\n<div>\n<p data-wahfont=\"14\">\u00a0<\/p>\n<\/div>\n<p><!-- \/wp:heading --><!-- wp:media-text {\"mediaId\":12203,\"mediaType\":\"image\",\"mediaWidth\":24,\"isStackedOnMobile\":false,\"className\":\"alignwide\"} --><\/p>\n<div class=\"wp-block-media-text alignwide\" style=\"grid-template-columns: 24% auto;\">\n<figure class=\"wp-block-media-text__media\"><a href=\"https:\/\/countydonegalfrs.ie\/downingsfrs\/wp-content\/uploads\/2020\/10\/Downing.jpg\"><img loading=\"lazy\" class=\"alignnone size-full wp-image-12413\" src=\"https:\/\/countydonegalfrs.ie\/downingsfrs\/wp-content\/uploads\/2020\/10\/Downing.jpg\" alt=\"\" width=\"995\" height=\"700\" srcset=\"https:\/\/countydonegalfrs.ie\/downingsfrs\/wp-content\/uploads\/2020\/10\/Downing.jpg 995w, https:\/\/countydonegalfrs.ie\/downingsfrs\/wp-content\/uploads\/2020\/10\/Downing-300x211.jpg 300w, https:\/\/countydonegalfrs.ie\/downingsfrs\/wp-content\/uploads\/2020\/10\/Downing-768x540.jpg 768w, https:\/\/countydonegalfrs.ie\/downingsfrs\/wp-content\/uploads\/2020\/10\/Downing-400x281@2x.jpg 800w, https:\/\/countydonegalfrs.ie\/downingsfrs\/wp-content\/uploads\/2020\/10\/Downing-615x433.jpg 615w, https:\/\/countydonegalfrs.ie\/downingsfrs\/wp-content\/uploads\/2020\/10\/Downing-400x281.jpg 400w, https:\/\/countydonegalfrs.ie\/downingsfrs\/wp-content\/uploads\/2020\/10\/Downing-292x205.jpg 292w, https:\/\/countydonegalfrs.ie\/downingsfrs\/wp-content\/uploads\/2020\/10\/Downing-300x211@2x.jpg 600w, https:\/\/countydonegalfrs.ie\/downingsfrs\/wp-content\/uploads\/2020\/10\/Downing-292x205@2x.jpg 584w\" sizes=\"(max-width: 995px) 100vw, 995px\" \/><\/a><\/figure>\n<div class=\"wp-block-media-text__content\">\n<p><!-- wp:paragraph --><\/p>\n<p style=\"margin: 0cm 0cm 0.0001pt; line-height: 15pt; background-image: initial; background-position: initial; background-size: initial; background-repeat: initial; background-attachment: initial; background-origin: initial; background-clip: initial;\"><a href=\"https:\/\/countydonegalfrs.ie\/downingsfrs\/wp-content\/uploads\/2021\/09\/Downing-Newsletter-4-Irish-translation.pdf\">Downing Newsletter 4<\/a><\/p>\n<p>I nuachtlitir 4 t\u00e1 an ceathr\u00fa nuashonr\u00fa r\u00e1ithi\u00fail a shol\u00e1thra\u00edonn faisn\u00e9is faoi ch\u00falra an staid\u00e9ir, c\u00e9im an staid\u00e9ir, tuairisc ar chl\u00e1r na Sc\u00e9ime agus na ch\u00e9ad ch\u00e9imeanna eile den tionscadal.<\/p>\n<div>\n<div>\n<div id=\"_com_1\" class=\"msocomtxt\">\n<p><!-- [if !supportAnnotations]--><\/p>\n<\/div>\n<p><!--[endif]--><\/p>\n<\/div>\n<\/div>\n<\/div>\n<\/div>\n<div class=\"wp-block-media-text alignwide\" style=\"grid-template-columns: 24% auto;\">\n<div class=\"wp-block-media-text__content\"><!-- \/wp:paragraph --><\/div>\n<\/div>\n<p><!-- \/wp:media-text --><\/p><\/div>\n\t\t\t\t<\/div>\n\t\t\t\t<\/div>\n\t\t\t\t\t\t<\/div>\n\t\t\t\t\t<\/div>\n\t\t<\/div>\n\t\t\t\t\t\t\t\t<\/div>\n\t\t\t\t\t<\/div>\n\t\t<\/section>\n\t\t\t\t\t\t<\/div>\n\t\t\t\t\t\t<\/div>\n\t\t\t\t\t<\/div>\n\t\t","protected":false},"excerpt":{"rendered":"<p>Nuachtlitreacha: D\u00e9anfar nuachtlitir tionscadail a uasl\u00f3d\u00e1il gach tr\u00ed mh\u00ed, ina mbeidh eolas ar ghn\u00edomha\u00edochta\u00ed a rinneadh le d\u00e9ana\u00ed, gn\u00edomha\u00edochta\u00ed at\u00e1 le teacht agus eolas \u00e1bhartha eile. Na D\u00fanaibh FRS Newsletter 01 I Nuachtlitir 1 t\u00e1 an ch\u00e9ad nuashonr\u00fa r\u00e1ithi\u00fail ina bhfuil eolas ar ch\u00falra an staid\u00e9ir, an ch\u00e9im ag a bhfuil an staid\u00e9ar, cur s\u00edos&#8230;<\/p>\n","protected":false},"author":6,"featured_media":0,"parent":0,"menu_order":0,"comment_status":"closed","ping_status":"closed","template":"","meta":[],"_links":{"self":[{"href":"https:\/\/countydonegalfrs.ie\/downingsfrs\/index.php\/wp-json\/wp\/v2\/pages\/12571"}],"collection":[{"href":"https:\/\/countydonegalfrs.ie\/downingsfrs\/index.php\/wp-json\/wp\/v2\/pages"}],"about":[{"href":"https:\/\/countydonegalfrs.ie\/downingsfrs\/index.php\/wp-json\/wp\/v2\/types\/page"}],"author":[{"embeddable":true,"href":"https:\/\/countydonegalfrs.ie\/downingsfrs\/index.php\/wp-json\/wp\/v2\/users\/6"}],"replies":[{"embeddable":true,"href":"https:\/\/countydonegalfrs.ie\/downingsfrs\/index.php\/wp-json\/wp\/v2\/comments?post=12571"}],"version-history":[{"count":12,"href":"https:\/\/countydonegalfrs.ie\/downingsfrs\/index.php\/wp-json\/wp\/v2\/pages\/12571\/revisions"}],"predecessor-version":[{"id":12724,"href":"https:\/\/countydonegalfrs.ie\/downingsfrs\/index.php\/wp-json\/wp\/v2\/pages\/12571\/revisions\/12724"}],"wp:attachment":[{"href":"https:\/\/countydonegalfrs.ie\/downingsfrs\/index.php\/wp-json\/wp\/v2\/media?parent=12571"}],"curies":[{"name":"wp","href":"https:\/\/api.w.org\/{rel}","templated":true}]}}