{"id":12582,"date":"2020-12-04T11:06:50","date_gmt":"2020-12-04T11:06:50","guid":{"rendered":"https:\/\/countydonegalfrs.ie\/downingsfrs\/?page_id=12582"},"modified":"2020-12-10T09:12:09","modified_gmt":"2020-12-10T09:12:09","slug":"ceisteanna-coitianta","status":"publish","type":"page","link":"https:\/\/countydonegalfrs.ie\/downingsfrs\/index.php\/ceisteanna-coitianta\/","title":{"rendered":"C\u00e9isteanna Coitianta"},"content":{"rendered":"\t\t<div data-elementor-type=\"wp-page\" data-elementor-id=\"12582\" class=\"elementor elementor-12582\" data-elementor-settings=\"[]\">\n\t\t\t\t\t\t<div class=\"elementor-inner\">\n\t\t\t\t\t\t\t<div class=\"elementor-section-wrap\">\n\t\t\t\t\t\t\t<section class=\"elementor-section elementor-top-section elementor-element elementor-element-5636e1d elementor-section-boxed elementor-section-height-default elementor-section-height-default\" data-id=\"5636e1d\" data-element_type=\"section\">\n\t\t\t\t\t\t<div class=\"elementor-container elementor-column-gap-default\">\n\t\t\t\t\t\t\t<div class=\"elementor-row\">\n\t\t\t\t\t<div class=\"elementor-column elementor-col-100 elementor-top-column elementor-element elementor-element-2de20f9\" data-id=\"2de20f9\" data-element_type=\"column\">\n\t\t\t<div class=\"elementor-column-wrap elementor-element-populated\">\n\t\t\t\t\t\t\t<div class=\"elementor-widget-wrap\">\n\t\t\t\t\t\t<div class=\"elementor-element elementor-element-289aaca elementor-widget elementor-widget-text-editor\" data-id=\"289aaca\" data-element_type=\"widget\" data-widget_type=\"text-editor.default\">\n\t\t\t\t<div class=\"elementor-widget-container\">\n\t\t\t\t\t<div class=\"elementor-text-editor elementor-clearfix\"><p><strong>Conas a cist\u00edodh an sc\u00e9im?<\/strong>\u00a0Is \u00ed an OPW at\u00e1 ag cisti\u00fa na sc\u00e9ime. Mar chuid de Phlean Forbartha N\u00e1isi\u00fanta an Rialtais 2018-2027, t\u00e1 \u20ac1 billi\u00fan geallta le haghaidh bearta faoisimh tuilte a fhorbairt ar fud na t\u00edre.<\/p><p><strong>Cad \u00e9 cusp\u00f3ir na sc\u00e9ime? <\/strong>Feabhs\u00f3idh an sc\u00e9im caighde\u00e1n na cosanta \u00f3 thuilte do Na D\u00fanaibh chun cosaint in aghaidh na D\u00f3ch\u00faclachta S\u00e1raithe Bliant\u00fala 1% (1 in 100 bliain) de theagmhas tuilte abhann, agus chun cosaint in aghaidh na D\u00f3ch\u00faclachta S\u00e1raithe Bliant\u00fala 0.5% (1 in 200 bliain) de theagmhas tuilte c\u00f3sta (leibh\u00e9al uisce agus tonnta thar a bheith ard).<\/p><p><strong>C\u00e9n fhad a th\u00f3gfaidh s\u00e9 an sc\u00e9im faoisimh tuilte a chur i bhfeidhm?<\/strong>\u00a0T\u00e1 s\u00e9 sceidealta le bheith cr\u00edochnaithe in 2025. M\u00e1s maithe leat miondeal\u00fa ioml\u00e1n den am sc\u00e1la a fheice\u00e1il, t\u00e9igh go dt\u00ed an rann\u00e1n <a href=\"https:\/\/countydonegalfrs.ie\/downingsfrs\/index.php\/measunacht-timpeallachta\/\">Achar Ama<\/a> ar an su\u00edomh gr\u00e9as\u00e1in.<\/p><p><strong>An ionchorpr\u00f3far dearadh na sc\u00e9ime go stuama laistigh den R\u00edocht Phoibl\u00ed?<\/strong>\u2013 D\u00e9antar an t-ionchorpr\u00fa sa t\u00edrdhreach at\u00e1 ann a mheas ag gach c\u00e9im den tionscadal. M\u00e1s f\u00e9idir, d\u00e9anfar cla\u00edfoirt f\u00e9ir a ionchorpr\u00fa sa dearadh in ionad strucht\u00fair\u00ed crua cosanta.<\/p><p><strong>An mbeidh m\u00e9ad\u00fa ar an mbaol \u00f3 thuilte in \u00e1iteanna eile de bharr na sc\u00e9ime<\/strong><strong>? <\/strong>N\u00ed bheidh. Is rud an-t\u00e1bhachtach \u00e9 seo in\u00e1r ndearadh. Cuirfimid san \u00e1ireamh an tionchar a bheadh ar r\u00e9admhaoin at\u00e1 thuas agus th\u00edos an abhainn. D\u2019fh\u00e9adfa\u00ed Bearta Coinne\u00e1la Uisce N\u00e1d\u00fartha a chur san \u00e1ireamh ina ligtear do thalamh feirme suas n\u00f3 s\u00edos an abhainn dul faoi uisce ar bhealach rialaithe chun an baol \u00f3 thuilte sna D\u00fanaibh a mhaol\u00fa ach n\u00ed dh\u00e9anfar \u00e9 seo ach amh\u00e1in m\u00e1 mheastar gurb \u00e9 an rogha is fearr \u00e9 agus faoi r\u00e9ir idirbhearta\u00edochta leis na h\u00fain\u00e9ir\u00ed tal\u00fan a mbaineann s\u00e9 leo.<\/p><p><strong>An bhfuilimse i mbaol \u00f3 thuilte?<\/strong>\u00a0Is f\u00e9idir leat f\u00e9achaint ar na l\u00e9irsc\u00e1ileanna tuilte at shu\u00edomh gr\u00e9as\u00e1in OPW CFRAM chun sonra\u00ed a fheice\u00e1il maidir le tuilte sna D\u00fanaibh agus i mbailte eile laistigh de cheantar staid\u00e9ir CFRAM http:\/\/www.floodinfo.ie\/.<\/p><p><strong>Conas a rachaidh s\u00e9 seo i bhfeidhm ar an timpeallacht \u00e1iti\u00fail<\/strong><strong>?<\/strong>\u00a0Tugtar t\u00fas \u00e1ite do shaincheisteanna timpeallachta maidir le forbairt Sc\u00e9ime Faoisimh Tuilte Na D\u00fanaibh, agus t\u00e1 sainchomhairleoir\u00ed timpeallachta (RPS) ina mbaill th\u00e1bhachtacha den ghr\u00fapa sti\u00fartha tionscadail. M\u00e1s maith leat \u00e1r Staid\u00e9ar Timpeallachta ioml\u00e1n a fheice\u00e1il, clice\u00e1il <a href=\"https:\/\/countydonegalfrs.ie\/castlefinnfrs\/index.php\/environmental-assessment\/\">Anseo<\/a>.<\/p><p><strong>Conas is f\u00e9idir liom tuilleadh a fh\u00e1il amach faoin staid\u00e9ar?<\/strong>\u00a0 Beidh an s\u00edomh gr\u00e9as\u00e1in seo \u00e1 nuashonr\u00fa leis an nuacht is deireana\u00ed agus le sonra\u00ed maidir le himeachta\u00ed Comhairli\u00fach\u00e1in Phoibl\u00ed at\u00e1 le teacht. Is f\u00e9idir leat an leathanach \u2018D\u00e9an Teagmh\u00e1il linn\u2019 a \u00fas\u00e1id freisin chun ceist a chur n\u00f3 chun aiseolas a shol\u00e1thar n\u00f3 chun cl\u00e1r\u00fa ionas go bhfaighidh t\u00fa nuashonr\u00fa tr\u00ed r\u00edomhphost.<\/p><p><strong>C\u00e9 at\u00e1 ann chun cabhair a thabhairt? <\/strong>Cuireann an OPW comhairle ar f\u00e1il do dhaoine a bhfuil a r\u00e9admhaoin agus a ngn\u00f3lachta\u00ed i mbaol \u00f3 thuilte. Le haghaidh tuilleadh eolais, agus chun cabhr\u00fa leat ullmh\u00fa, clice\u00e1il anseo (nasc go dt\u00ed \u00a0<a href=\"https:\/\/www.opw.ie\/en\/floodriskmanagement\/\">https:\/\/www.opw.ie\/en\/floodriskmanagement\/<\/a>)<\/p><\/div>\n\t\t\t\t<\/div>\n\t\t\t\t<\/div>\n\t\t\t\t\t\t<\/div>\n\t\t\t\t\t<\/div>\n\t\t<\/div>\n\t\t\t\t\t\t\t\t<\/div>\n\t\t\t\t\t<\/div>\n\t\t<\/section>\n\t\t\t\t\t\t<\/div>\n\t\t\t\t\t\t<\/div>\n\t\t\t\t\t<\/div>\n\t\t","protected":false},"excerpt":{"rendered":"<p>Conas a cist\u00edodh an sc\u00e9im?\u00a0Is \u00ed an OPW at\u00e1 ag cisti\u00fa na sc\u00e9ime. Mar chuid de Phlean Forbartha N\u00e1isi\u00fanta an Rialtais 2018-2027, t\u00e1 \u20ac1 billi\u00fan geallta le haghaidh bearta faoisimh tuilte a fhorbairt ar fud na t\u00edre. Cad \u00e9 cusp\u00f3ir na sc\u00e9ime? Feabhs\u00f3idh an sc\u00e9im caighde\u00e1n na cosanta \u00f3 thuilte do Na D\u00fanaibh chun cosaint&#8230;<\/p>\n","protected":false},"author":6,"featured_media":0,"parent":0,"menu_order":0,"comment_status":"closed","ping_status":"closed","template":"","meta":[],"_links":{"self":[{"href":"https:\/\/countydonegalfrs.ie\/downingsfrs\/index.php\/wp-json\/wp\/v2\/pages\/12582"}],"collection":[{"href":"https:\/\/countydonegalfrs.ie\/downingsfrs\/index.php\/wp-json\/wp\/v2\/pages"}],"about":[{"href":"https:\/\/countydonegalfrs.ie\/downingsfrs\/index.php\/wp-json\/wp\/v2\/types\/page"}],"author":[{"embeddable":true,"href":"https:\/\/countydonegalfrs.ie\/downingsfrs\/index.php\/wp-json\/wp\/v2\/users\/6"}],"replies":[{"embeddable":true,"href":"https:\/\/countydonegalfrs.ie\/downingsfrs\/index.php\/wp-json\/wp\/v2\/comments?post=12582"}],"version-history":[{"count":5,"href":"https:\/\/countydonegalfrs.ie\/downingsfrs\/index.php\/wp-json\/wp\/v2\/pages\/12582\/revisions"}],"predecessor-version":[{"id":12619,"href":"https:\/\/countydonegalfrs.ie\/downingsfrs\/index.php\/wp-json\/wp\/v2\/pages\/12582\/revisions\/12619"}],"wp:attachment":[{"href":"https:\/\/countydonegalfrs.ie\/downingsfrs\/index.php\/wp-json\/wp\/v2\/media?parent=12582"}],"curies":[{"name":"wp","href":"https:\/\/api.w.org\/{rel}","templated":true}]}}