{"id":12586,"date":"2020-12-04T11:09:26","date_gmt":"2020-12-04T11:09:26","guid":{"rendered":"https:\/\/countydonegalfrs.ie\/downingsfrs\/?page_id=12586"},"modified":"2020-12-04T11:10:22","modified_gmt":"2020-12-04T11:10:22","slug":"gluais-tearmai","status":"publish","type":"page","link":"https:\/\/countydonegalfrs.ie\/downingsfrs\/index.php\/gluais-tearmai\/","title":{"rendered":"Gluais T\u00e9arma\u00ed"},"content":{"rendered":"\t\t<div data-elementor-type=\"wp-page\" data-elementor-id=\"12586\" class=\"elementor elementor-12586\" data-elementor-settings=\"[]\">\n\t\t\t\t\t\t<div class=\"elementor-inner\">\n\t\t\t\t\t\t\t<div class=\"elementor-section-wrap\">\n\t\t\t\t\t\t\t<section class=\"elementor-section elementor-top-section elementor-element elementor-element-9dde56e elementor-section-boxed elementor-section-height-default elementor-section-height-default\" data-id=\"9dde56e\" data-element_type=\"section\">\n\t\t\t\t\t\t<div class=\"elementor-container elementor-column-gap-default\">\n\t\t\t\t\t\t\t<div class=\"elementor-row\">\n\t\t\t\t\t<div class=\"elementor-column elementor-col-100 elementor-top-column elementor-element elementor-element-4d01558\" data-id=\"4d01558\" data-element_type=\"column\">\n\t\t\t<div class=\"elementor-column-wrap elementor-element-populated\">\n\t\t\t\t\t\t\t<div class=\"elementor-widget-wrap\">\n\t\t\t\t\t\t<div class=\"elementor-element elementor-element-13f1d58 elementor-widget elementor-widget-text-editor\" data-id=\"13f1d58\" data-element_type=\"widget\" data-widget_type=\"text-editor.default\">\n\t\t\t\t<div class=\"elementor-widget-container\">\n\t\t\t\t\t<div class=\"elementor-text-editor elementor-clearfix\"><p data-wahfont=\"14\"><strong>Sc\u00e9im Draen\u00e1la Artaireach:\u00a0<\/strong>Oibreacha a dh\u00e9antar faoin Acht Draen\u00e1la Artaireach (1945) chun draen\u00e1il talaimh a fheabhs\u00fa. Is \u00ed an OPW a dh\u00e9anann agus a chothabh\u00e1lann a leith\u00e9id d\u2019oibreacha ar bhonn lean\u00fanach.<\/p><p data-wahfont=\"14\"><strong>Staid\u00e9ar Meas\u00fanaithe agus Bainist\u00edochta Riosca i gC\u00e1s Tuilte Dobharcheantair N\u00f3 Staid\u00e9ar CFRAM:\u00a0<\/strong>Staid\u00e9ar chun an riosca \u00f3 thuile reatha agus ionchasach a mheas agus a mhap\u00e1il, mar aon leis an riosca \u00f3 aibhneacha agus \u00f3 uisc\u00ed c\u00f3sta. Leagtar s\u00edos spriocanna chun na riosca\u00ed aitheanta a bhainisti\u00fa agus ullmha\u00edtear Plean ina bhfuil sraith de bhearta tosa\u00edochta chun dul i ngleic leis na spriocanna sainmh\u00ednithe.<\/p><p data-wahfont=\"14\"><strong>Pobail:<\/strong>\u00a0Cathracha, bailte, sr\u00e1idbhailte n\u00f3 bailte fearainn ina bhfuil baili\u00fach\u00e1n de thithe, de ghn\u00f3lachta\u00ed agus de r\u00e9admahoin eile.<\/p><p data-wahfont=\"14\"><strong>Iarmhairt\u00ed:<\/strong>\u00a0\u00c9ifeachta\u00ed \u00f3 thuilte, a d\u2019fh\u00e9adfadh a bheith d\u00edreach (e.g. d\u00edobh\u00e1il fhisici\u00fail n\u00f3 dam\u00e1iste do r\u00e9admhaoin n\u00f3 do sh\u00e9adchomhartha\u00ed), cur isteach (e.g. sol\u00e1thar leictreachais a chailleadh n\u00f3 bac ar an mb\u00f3thar) n\u00f3 ind\u00edreach (e.g., strus ar dhaoine at\u00e1 buailte leis n\u00f3 caillteanas gn\u00f3 do ghn\u00f3lachta\u00ed)<\/p><p data-wahfont=\"14\"><strong>Draen\u00e1il:<\/strong>\u00a0Oibreacha chun uisce dromchla n\u00f3 fodhromchla a bhaint n\u00f3 oibreacha chun \u00e9 sin a \u00e9asc\u00fa, e.g., \u00f3 bh\u00f3ithre agus \u00f3 cheantair uirbeacha tr\u00ed ch\u00f3rais draen\u00e1la uisce stoirme uibeach, agus \u00f3 thalamh tr\u00ed chain\u00e9il draen\u00e1la n\u00f3 sruthch\u00farsa\u00ed a dhoimhn\u00edodh n\u00f3 a gcuireadh lena dtoilleadh.<\/p><p data-wahfont=\"14\"><strong>Tuile:\u00a0<\/strong>Cl\u00fadach sealadach d\u2019uisce ar thalamh nach gn\u00e1ch \u00e9 a bheith cl\u00fadaithe le huisce.<\/p><p data-wahfont=\"14\"><strong>M\u00e9id Tuile:\u00a0<\/strong>An m\u00e9id talaimh at\u00e1, n\u00f3 a d\u2019fh\u00e9adfadh a bheith, faoi uisce. L\u00e9ir\u00edtear go minic ar l\u00e9arsc\u00e1il tuile \u00e9.<\/p><p data-wahfont=\"14\"><strong>L\u00e9arsc\u00e1il Guaise Tuile:\u00a0<\/strong>L\u00e9arsc\u00e1il \u00a0ar a l\u00e9ir\u00edtear ceantair thalaimh at\u00e1 i mbaol \u00f3 thuilte, ar a dtugtar l\u00e9arsc\u00e1il m\u00e9id tuile, n\u00f3 l\u00e9arsc\u00e1il a l\u00e9ir\u00edonn doimhneacht, luas n\u00f3 gn\u00e9 eile de thuile n\u00f3 d\u2019uisc\u00ed le haghaidh teagmhas tuile \u00e1irithe. Is gn\u00e1ch go n-ullmha\u00edtear l\u00e9arsc\u00e1ileanna guaise tuile do theagmhas a tharla cheana f\u00e9in n\u00f3 do theagmhas tuile ionchasach a bhfuil d\u00f3ch\u00falacht \u00e1irithe ag baint leis.<\/p><p data-wahfont=\"14\"><strong>Plean Bainist\u00edocht Riosca i gC\u00e1s Tuilte (Plean):\u00a0<\/strong>Plean a leagann amach sraith de bhearta tosa\u00edochta laistigh de strait\u00e9is inbhuanaithe fadt\u00e9armach d\u00edrithe ar spriocanna sainmh\u00ednithe maidir le bainist\u00edocht \u00a0tuilte a bhaint amach. Forbra\u00edtear an Plean ag sc\u00e1la Abhantra\u00ed (Aonad Bainist\u00edochta), ach d\u00edr\u00edonn s\u00e9 ar riosca a bhainisti\u00fa laistigh de Cheantair le haghaidh Tuilleadh Meas\u00fanaithe (AFA).<\/p><p data-wahfont=\"14\"><strong>L\u00e9arsc\u00e1il Riosca \u00f3 Thuilte:\u00a0<\/strong>L\u00e9arsc\u00e1il a l\u00e9ir\u00edonn na riosca\u00ed ionchasacha a bhaineann le tuilte. D\u2019fh\u00e9adfadh na l\u00e9arsc\u00e1ileanna seo gn\u00e9 \u00e1irithe riosca, a chuireann san \u00e1ireamh an d\u00f3ch\u00falacht at\u00e1 ann maidir le tuilte (e.g. me\u00e1n-dam\u00e1iste bliant\u00fail don gheilleagar), ach d\u2019fh\u00e9adfadh s\u00e9 freisin na gabhad\u00f3ir\u00ed \u00e9ags\u00fala a thaispe\u00e1int a d\u2019fh\u00e9adfadh a bheith buailte le tuilte de dh\u00f3ch\u00falachta\u00ed difri\u00fala.<\/p><p data-wahfont=\"14\"><strong>Tuilemh\u00e1:\u00a0<\/strong>An ceantar talaimh at\u00e1 in aice le habhainn n\u00f3 le c\u00f3sta ina mb\u00edonn tuilte ann go tr\u00e9imhsi\u00fail \u00f3n abhainn sin n\u00f3 \u00f3n bhfarraige.<\/p><p data-wahfont=\"14\"><strong>Treoir Tuilte:\u00a0<\/strong>Is \u00ed an Treoir \u2018Tuilte\u2019 [2007\/60\/EC] an Treoir a th\u00e1inig i bhfeidhm i m\u00ed na Samhna 2007 a chuireann iallach ar Bhallst\u00e1it PFRA a dh\u00e9anamh chun Ceantair le haghaidh Tuilleadh Meas\u00fanaithe (AFA) a aithint, agus ansin l\u00e9arsc\u00e1ileanna tuilte agus Pleananna a ullmh\u00fa do na ceantair.<\/p><p data-wahfont=\"14\"><strong>Dobharcheantar:\u00a0<\/strong>A bhaineann le haibhneacha. \u00das\u00e1idtear go minic \u00e9 sa chomhth\u00e9acs tuilte abhann, i.e. tuilte \u00f3 aibhneacha, \u00f3 shruth\u00e1in, etc.<\/p><p data-wahfont=\"14\"><strong>Treoir maidir le Gn\u00e1th\u00f3ga:\u00a0<\/strong>D\u00edr\u00edonn an Treoir maidir le Gn\u00e1th\u00f3ga [92\/43\/EEC] ar an mbith\u00e9ags\u00falacht a chosaint tr\u00ed chosaint\u00ed a shol\u00e1thar d\u2019ainmhithe agus do speicis planda\u00ed agus gn\u00e1th\u00f3ga a bhfuil t\u00e1bhacht Eorpach ag baint leo.<\/p><p data-wahfont=\"14\"><strong>Guais:\u00a0<\/strong>Rud \u00e9igin ar f\u00e9idir leis d\u00edobh\u00e1il a dh\u00e9anamh agus a bhfuil iarmhairt\u00ed d\u00edobh\u00e1lacha ag baint leis. Sa chomhth\u00e9acs seo, is \u00ed an ghuais at\u00e1 ann n\u00e1 tuilte.<\/p><p data-wahfont=\"14\"><strong>Hiodr\u00e1laic:\u00a0<\/strong>An eola\u00edocht a bhaineann le hiompra\u00edochta sreabh\u00e1n. \u00das\u00e1idtear go minic \u00e9 sa chomhth\u00e9acs seo maidir le hiompar uisce tuilte a mheas i gcain\u00e9il abhann n\u00f3 i strucht\u00fair (ar n\u00f3s lint\u00e9ir) n\u00f3 thar t\u00edr, chun leibh\u00e9il tuilte n\u00f3 m\u00e9id tuilte a mheas.<\/p><p data-wahfont=\"14\"><strong>Hidreola\u00edocht:\u00a0<\/strong>Eola\u00edocht timthriall n\u00e1d\u00fartha an uisce, a \u00fas\u00e1idtear go minic sa chomhth\u00e9acs seo maidir le r\u00e1ta agus toirt b\u00e1ist\u00ed a shreabhann \u00f3n talamh agus taoide thuile in aibhneacha a mheas.<\/p><p data-wahfont=\"14\"><strong>Ceantar Hidrim\u00e9adrachta:\u00a0<\/strong>An talamh a roinnt go hidrim\u00e9adreach. Is gn\u00e1ch gur dobharcheantair mh\u00f3ra n\u00f3 comhcheirtli\u00fach\u00e1n de dhobharcheantair bheaga at\u00e1 i gceist, agus ceantair ch\u00f3sta a ghabhann leis. T\u00e1 \u00a040 Ceantar Hidrim\u00e9adrachta ar oile\u00e1n na h\u00c9ireann.<\/p><p data-wahfont=\"14\"><strong>Beart:\u00a0<\/strong>Sraith d\u2019oibreacha, strucht\u00fartha agus \/ n\u00f3 neamh-strucht\u00fartha, d\u00edrithe ar an mbaol \u00f3 thuilte a laghd\u00fa n\u00f3 a mhaol\u00fa (nuair a \u00fas\u00e1idtear \u00e9 sa chomhth\u00e9acs bainist\u00edocht a dh\u00e9anamh ar riosca tuilte).<\/p><p data-wahfont=\"14\"><strong>Cl\u00e1r N\u00e1isi\u00fanta CFRAM:\u00a0<\/strong>An cl\u00e1r at\u00e1 forbartha ag an OPW chun eochairghn\u00e9ithe den Treoir an AE \u2018Tuilte\u2019 a chur i bhfeidhm in \u00c9irinn, lena n-\u00e1ir\u00edodh na Staid\u00e9ir CFRAM, agus iad a chur le\u00a0 tortha\u00ed an PFRA.<\/p><p data-wahfont=\"14\"><strong>B\u00e1isti\u00fail:\u00a0<\/strong>Baineann s\u00e9 le b\u00e1isteach agus \u00fas\u00e1idtear go minic \u00e9 sa chomhth\u00e9acs tuilte b\u00e1isti\u00fala, i.e. tuilte at\u00e1 mar thoradh d\u00edreach de bh\u00e1isteach throm (seachas aibhneacha a sh\u00e1ra\u00edonn a mbruacha).<\/p><p data-wahfont=\"14\"><strong>L\u00e1 Comhairli\u00fach\u00e1in Phoibl\u00ed N\u00f3 PCD:\u00a0<\/strong>Imeacht a fh\u00f3gra\u00edtear roimh r\u00e9 chun dul i mbun caidrimh leis an bpobal agus le p\u00e1irtithe leasmhara. Cuireann an fhoireann tionscadail \u00e1bhar ar taispe\u00e1int agus cuireann s\u00ed i l\u00e1thair \u00e9 (e.g. l\u00e9asc\u00e1ileanna tuilte, roghanna bainist\u00edochta tuilte) in \u00e1it phoibl\u00ed. B\u00edonn baill foirne i l\u00e1thair chun an t-\u00e1bhar a mh\u00edni\u00fa agus a phl\u00e9, agus cuireann baill den phobal agus p\u00e1irtithe leasmhara eile eolas \u00e1iti\u00fail ar f\u00e1il agus a gcuid bar\u00falacha freisin.<\/p><p data-wahfont=\"14\"><strong>Tr\u00e9imhse Athfhillte:\u00a0<\/strong>T\u00e9arma a n-\u00fas\u00e1idt\u00ed chun cur s\u00edos a dh\u00e9anamh ar dh\u00f3ch\u00falacht teagmhais tuile, curtha in i\u00fal mar achar ama i mblianta, ar an me\u00e1n thar tr\u00e9imhse fada, a d\u2019fh\u00e9adfa\u00ed a bheith ag s\u00fail le tuile de mh\u00e9id \u00e1irithe. Is \u00e9 an t\u00e9arma a \u00fas\u00e1idtear anois n\u00e1 \u2018D\u00f3ch\u00falacht S\u00e1raithe Bliant\u00fala\u2019, \u00a0mar d\u2019fh\u00e9adfadh an t\u00e9arma Tr\u00e9imhse Athfhillte a bheith m\u00edthreorach.<\/p><p data-wahfont=\"14\"><strong>Riosca:\u00a0<\/strong>An comhcheangal idir d\u00f3ch\u00falacht go mbeidh tuile ann, agus na hiarmhairt\u00ed a bhaineann le tuile.<\/p><p data-wahfont=\"14\"><strong>Abhantrach:\u00a0<\/strong>Ceantar talaimh (dobharcheantar) a shreabhann isteach in inbhear n\u00f3 in imeallbhord faoi leith.<\/p><p data-wahfont=\"14\"><strong>Abhann:\u00a0<\/strong>A bhaineann le habhainn.<\/p><p data-wahfont=\"14\"><strong>Riosca Suntasach:\u00a0<\/strong>Riosca tuilte ar ch\u00fais imn\u00ed \u00e9 go n\u00e1isi\u00fanta. Leagann an Pr\u00edomhthuarasc\u00e1il PFRA amach conas a leagadh s\u00edos an riosca suntasach don PRFA, agus mar sin, conas a aithn\u00edodh na Ceantair le hAghaidh Tuilleadh Meas\u00fanaithe. \u00a0<\/p><p data-wahfont=\"14\"><strong>Caighde\u00e1n Cosanta N\u00f3 Or SoP:\u00a0<\/strong>M\u00e9id tuile, a bhfuil s\u00e9 mar aidhm ag beart \/ oibreacha, an ceantar a chosaint air. Sainmh\u00edn\u00edtear go minic mar seo \u00e9 \u2013 go s\u00e1ra\u00edtear an d\u00f3ch\u00falacht bhliant\u00fail go dtarl\u00f3idh an tuile sin (D\u00f3ch\u00falacht S\u00e1raithe Bliant\u00fala, n\u00f3 \u2018AEP\u2019).<\/p><p data-wahfont=\"14\"><strong>Meas\u00fanacht Strait\u00e9iseach Timpeallachta N\u00f3 SEA:\u00a0<\/strong>Is meas\u00fanacht timpeallachta de phleananna (ar n\u00f3s na Pleananna) agus de chl\u00e1ir \u00ed an SEA, a chinnt\u00edonn go nd\u00e9anfar scr\u00fad\u00fa ardleibh\u00e9il ar shaincheisteanna timpeallachta nuair at\u00e1 an plean \u00e1 ullmh\u00fa agus \u00e1 dhr\u00e9acht\u00fa. Is riachtanas \u00ed at\u00e1 for\u00e1ilte faoin Treoir SEA \u00a0[2001\/42\/EC].<\/p><p data-wahfont=\"14\"><strong>Uisce Dromchla:\u00a0\u00a0<\/strong>Uisce ar dhromcla an talaimh. Ag tagairt do loch\u00e1in d\u2019uisce b\u00e1ist\u00ed nach f\u00e9idir leo draen\u00e1il n\u00e1 s\u00edothl\u00fa isteach san ithir.<\/p><p data-wahfont=\"14\"><strong>Tionscadal Bainist\u00edochta Suirbh\u00e9:\u00a0<\/strong>Tionscadal coimisi\u00fanaithe ag an OPW sula nd\u00e9antar na Staid\u00e9ir CFRAM chun sciar m\u00f3r den obair shuirbh\u00e9 a shonr\u00fa agus a bhainisti\u00fa.<\/p><p data-wahfont=\"14\"><strong>Inbhuanaitheacht:\u00a0<\/strong>Acmhainn maireacht\u00e1la. \u00das\u00e1idtear go minic \u00e9 i gcomhth\u00e9acs timpeallachta n\u00f3 athr\u00fa aer\u00e1ide, ach tagra\u00edonn s\u00e9 do ghn\u00edomhartha a d\u2019fh\u00e9adfadh daoine agus an tsocha\u00ed a dh\u00e9anamh.<\/p><p data-wahfont=\"14\"><strong>Taoide:\u00a0<\/strong>Baineann s\u00e9 le taoid\u00ed farraige \/ aig\u00e9in, \u00fas\u00e1idtear go minic \u00e9 sa chomhth\u00e9acs tuile taoide, i.e. tuile mar thoradh ar leibh\u00e9il farraige arda n\u00f3 leibh\u00e9il inbhearacha arda.<\/p><p data-wahfont=\"14\"><strong>Topagrafa\u00edocht:\u00a0<\/strong>An cruth at\u00e1 ag an talamh, .e.g. ardaithe n\u00f3 leibh\u00e9alta.<\/p><p data-wahfont=\"14\"><strong>Aonad Bainist\u00edochta N\u00f3 UoM:\u00a0<\/strong>\u00a0Deighilt h\u00eddreola\u00edoch den talamh chun cr\u00edche na Treorach Tuilte. T\u00e1 Plean amh\u00e1in ullmhaithe do gach Aonad Bainist\u00edochta, ar a dtugtar Abhantrach sa Phlean.<\/p><p data-wahfont=\"14\"><strong>Leochaileacht:\u00a0<\/strong>Dam\u00e1iste ionchasach do ghabhad\u00f3ir (f\u00e9ach thuas), agus\/n\u00f3 m\u00e9id na n-iarmhairt\u00ed a d\u2019fh\u00e9adfadh a bheith mar thoradh ar thuile.<\/p><p data-wahfont=\"14\"><strong>An Chreat-treoir Uisce N\u00f3 WFD:\u00a0<\/strong>T\u00e1 s\u00e9 mar aidhm ag an\u00a0 gCreat-treoir Uisce [2000\/60\/EC] uisce dromchla, trasdultach, c\u00f3sta agus screamhuisce a chosaint; an timpeallacht uisceach agus \u00e9iceach\u00f3rais a chosaint agus a fheabhs\u00fa, agus \u00fas\u00e1id inbhuanaithe d\u2019acmhainn\u00ed uisce a chur chun cinn.<\/p><p data-wahfont=\"14\"><strong>Dobharlach:\u00a0<\/strong>T\u00e9arma a \u00fas\u00e1idtear sa Chreat-treoir Uisce (f\u00e9ach th\u00edos) chun cur s\u00edos a dh\u00e9anamh ar sr\u00e1ic\u00ed scoite d\u2019aibhneacha, de locha, d\u2019inbhir, den Fharraige, de screamhuisce agus de dhobharlacha uisce eile.<\/p><\/div>\n\t\t\t\t<\/div>\n\t\t\t\t<\/div>\n\t\t\t\t\t\t<\/div>\n\t\t\t\t\t<\/div>\n\t\t<\/div>\n\t\t\t\t\t\t\t\t<\/div>\n\t\t\t\t\t<\/div>\n\t\t<\/section>\n\t\t\t\t\t\t<\/div>\n\t\t\t\t\t\t<\/div>\n\t\t\t\t\t<\/div>\n\t\t","protected":false},"excerpt":{"rendered":"<p>Sc\u00e9im Draen\u00e1la Artaireach:\u00a0Oibreacha a dh\u00e9antar faoin Acht Draen\u00e1la Artaireach (1945) chun draen\u00e1il talaimh a fheabhs\u00fa. Is \u00ed an OPW a dh\u00e9anann agus a chothabh\u00e1lann a leith\u00e9id d\u2019oibreacha ar bhonn lean\u00fanach. Staid\u00e9ar Meas\u00fanaithe agus Bainist\u00edochta Riosca i gC\u00e1s Tuilte Dobharcheantair N\u00f3 Staid\u00e9ar CFRAM:\u00a0Staid\u00e9ar chun an riosca \u00f3 thuile reatha agus ionchasach a mheas agus a mhap\u00e1il,&#8230;<\/p>\n","protected":false},"author":6,"featured_media":0,"parent":0,"menu_order":0,"comment_status":"closed","ping_status":"closed","template":"","meta":[],"_links":{"self":[{"href":"https:\/\/countydonegalfrs.ie\/downingsfrs\/index.php\/wp-json\/wp\/v2\/pages\/12586"}],"collection":[{"href":"https:\/\/countydonegalfrs.ie\/downingsfrs\/index.php\/wp-json\/wp\/v2\/pages"}],"about":[{"href":"https:\/\/countydonegalfrs.ie\/downingsfrs\/index.php\/wp-json\/wp\/v2\/types\/page"}],"author":[{"embeddable":true,"href":"https:\/\/countydonegalfrs.ie\/downingsfrs\/index.php\/wp-json\/wp\/v2\/users\/6"}],"replies":[{"embeddable":true,"href":"https:\/\/countydonegalfrs.ie\/downingsfrs\/index.php\/wp-json\/wp\/v2\/comments?post=12586"}],"version-history":[{"count":2,"href":"https:\/\/countydonegalfrs.ie\/downingsfrs\/index.php\/wp-json\/wp\/v2\/pages\/12586\/revisions"}],"predecessor-version":[{"id":12588,"href":"https:\/\/countydonegalfrs.ie\/downingsfrs\/index.php\/wp-json\/wp\/v2\/pages\/12586\/revisions\/12588"}],"wp:attachment":[{"href":"https:\/\/countydonegalfrs.ie\/downingsfrs\/index.php\/wp-json\/wp\/v2\/media?parent=12586"}],"curies":[{"name":"wp","href":"https:\/\/api.w.org\/{rel}","templated":true}]}}