{"id":12085,"date":"2020-04-07T13:41:24","date_gmt":"2020-04-07T13:41:24","guid":{"rendered":"https:\/\/countydonegalfrs.ie\/glentiesfrs\/?page_id=12085"},"modified":"2020-12-04T15:32:45","modified_gmt":"2020-12-04T15:32:45","slug":"project-area","status":"publish","type":"page","link":"https:\/\/countydonegalfrs.ie\/glentiesfrs\/index.php\/project-area\/","title":{"rendered":"Project Area"},"content":{"rendered":"\t\t<div data-elementor-type=\"wp-page\" data-elementor-id=\"12085\" class=\"elementor elementor-12085\" data-elementor-settings=\"[]\">\n\t\t\t\t\t\t<div class=\"elementor-inner\">\n\t\t\t\t\t\t\t<div class=\"elementor-section-wrap\">\n\t\t\t\t\t\t\t<section class=\"elementor-section elementor-top-section elementor-element elementor-element-1158ee17 elementor-section-boxed elementor-section-height-default elementor-section-height-default\" data-id=\"1158ee17\" data-element_type=\"section\">\n\t\t\t\t\t\t<div class=\"elementor-container elementor-column-gap-default\">\n\t\t\t\t\t\t\t<div class=\"elementor-row\">\n\t\t\t\t\t<div class=\"elementor-column elementor-col-100 elementor-top-column elementor-element elementor-element-16b3380b\" data-id=\"16b3380b\" data-element_type=\"column\">\n\t\t\t<div class=\"elementor-column-wrap elementor-element-populated\">\n\t\t\t\t\t\t\t<div class=\"elementor-widget-wrap\">\n\t\t\t\t\t\t<div class=\"elementor-element elementor-element-7a961d59 elementor-widget elementor-widget-text-editor\" data-id=\"7a961d59\" data-element_type=\"widget\" data-widget_type=\"text-editor.default\">\n\t\t\t\t<div class=\"elementor-widget-container\">\n\t\t\t\t\t<div class=\"elementor-text-editor elementor-clearfix\"><!-- wp:paragraph -->\n<p data-wahfont=\"14\">T\u00e1 an sc\u00e9im d\u00edrithe ar Chaisle\u00e1n na Finne agus r\u00e9admhaoin sa cheantar m\u00e1guaird ina raibh tuilte ann roimhe seo de bharr adhaimsire. D\u00edreoidh an Sc\u00e9im ar an teorainn idir an \u201cceantar ina bhfuil tuilleadh meas\u00fanaithe le d\u00e9anamh\u201d mar at\u00e1 leagtha s\u00edos i Staid\u00e9ar CFRAM de chuid OPW.<\/p>\n<p data-wahfont=\"14\">T\u00e1 ceantar an staid\u00e9ir s\u00e1ch m\u00f3r agus cl\u00fad\u00f3idh s\u00e9 na ruda\u00ed a leanas:<\/p>\n<ul>\n<li>Str\u00e1ic\u00ed cain\u00e9al abhann\/sruthch\u00farsa\u00ed a d\u2019fh\u00e9adfadh tionchar a bheith acu ar an gceantar a bhfuil s\u00e9 i gceist go mbainfidh s\u00e9 tairbhe agus cosaint as an sc\u00e9im.<\/li>\n<li>Dobharcheantair hidreola\u00edocha a bh\u00edonn ag draen\u00e1il isteach sna cain\u00e9il abhann\/sruthch\u00farsa\u00ed \u00e1bhartha.<\/li>\n<li>Ceantair inar d\u00f3cha go mbeidh tionchar ar an timpeallacht de bharr na sc\u00e9ime.<\/li>\n<\/ul>\n<!-- \/wp:list --><!-- wp:spacer {\"height\":20} -->\n<p><a href=\"https:\/\/countydonegalfrs.ie\/glentiesfrs\/wp-content\/uploads\/2020\/11\/Glenties-scaled.jpg\"><img loading=\"lazy\" class=\"alignnone  wp-image-12500\" src=\"https:\/\/countydonegalfrs.ie\/glentiesfrs\/wp-content\/uploads\/2020\/11\/Glenties-1024x723.jpg\" alt=\"\" width=\"701\" height=\"495\" srcset=\"https:\/\/countydonegalfrs.ie\/glentiesfrs\/wp-content\/uploads\/2020\/11\/Glenties-1024x723.jpg 1024w, https:\/\/countydonegalfrs.ie\/glentiesfrs\/wp-content\/uploads\/2020\/11\/Glenties-300x212.jpg 300w, https:\/\/countydonegalfrs.ie\/glentiesfrs\/wp-content\/uploads\/2020\/11\/Glenties-768x542.jpg 768w, https:\/\/countydonegalfrs.ie\/glentiesfrs\/wp-content\/uploads\/2020\/11\/Glenties-768x542@2x.jpg 1536w, https:\/\/countydonegalfrs.ie\/glentiesfrs\/wp-content\/uploads\/2020\/11\/Glenties-2048x1446.jpg 2048w, https:\/\/countydonegalfrs.ie\/glentiesfrs\/wp-content\/uploads\/2020\/11\/Glenties-800x565.jpg 800w, https:\/\/countydonegalfrs.ie\/glentiesfrs\/wp-content\/uploads\/2020\/11\/Glenties-1260x890.jpg 1260w, https:\/\/countydonegalfrs.ie\/glentiesfrs\/wp-content\/uploads\/2020\/11\/Glenties-615x434.jpg 615w, https:\/\/countydonegalfrs.ie\/glentiesfrs\/wp-content\/uploads\/2020\/11\/Glenties-400x283.jpg 400w, https:\/\/countydonegalfrs.ie\/glentiesfrs\/wp-content\/uploads\/2020\/11\/Glenties-292x206.jpg 292w, https:\/\/countydonegalfrs.ie\/glentiesfrs\/wp-content\/uploads\/2020\/11\/Glenties-300x212@2x.jpg 600w\" sizes=\"(max-width: 701px) 100vw, 701px\" \/><\/a><\/p>\n<div class=\"wp-block-spacer\" style=\"height: 20px;\" aria-hidden=\"true\">\u00a0<\/div>\n<!-- \/wp:spacer --><!-- wp:image {\"id\":12086,\"width\":670,\"height\":473,\"sizeSlug\":\"large\"} -->\n<figure class=\"wp-block-image size-large is-resized\"><img loading=\"lazy\" class=\"wp-image-12086\" src=\"https:\/\/countydonegalfrs.ie\/glentiesfrs\/wp-content\/uploads\/2020\/04\/Lifford-1024x724.jpg\" alt=\"\" width=\"670\" height=\"473\" \/><\/figure>\n<!-- \/wp:image --><\/div>\n\t\t\t\t<\/div>\n\t\t\t\t<\/div>\n\t\t\t\t\t\t<\/div>\n\t\t\t\t\t<\/div>\n\t\t<\/div>\n\t\t\t\t\t\t\t\t<\/div>\n\t\t\t\t\t<\/div>\n\t\t<\/section>\n\t\t\t\t\t\t<\/div>\n\t\t\t\t\t\t<\/div>\n\t\t\t\t\t<\/div>\n\t\t","protected":false},"excerpt":{"rendered":"<p>T\u00e1 an sc\u00e9im d\u00edrithe ar Chaisle\u00e1n na Finne agus r\u00e9admhaoin sa cheantar m\u00e1guaird ina raibh tuilte ann roimhe seo de bharr adhaimsire. D\u00edreoidh an Sc\u00e9im ar an teorainn idir an \u201cceantar ina bhfuil tuilleadh meas\u00fanaithe le d\u00e9anamh\u201d mar at\u00e1 leagtha s\u00edos i Staid\u00e9ar CFRAM de chuid OPW. T\u00e1 ceantar an staid\u00e9ir s\u00e1ch m\u00f3r agus cl\u00fad\u00f3idh&#8230;<\/p>\n","protected":false},"author":6,"featured_media":0,"parent":0,"menu_order":0,"comment_status":"closed","ping_status":"closed","template":"","meta":[],"_links":{"self":[{"href":"https:\/\/countydonegalfrs.ie\/glentiesfrs\/index.php\/wp-json\/wp\/v2\/pages\/12085"}],"collection":[{"href":"https:\/\/countydonegalfrs.ie\/glentiesfrs\/index.php\/wp-json\/wp\/v2\/pages"}],"about":[{"href":"https:\/\/countydonegalfrs.ie\/glentiesfrs\/index.php\/wp-json\/wp\/v2\/types\/page"}],"author":[{"embeddable":true,"href":"https:\/\/countydonegalfrs.ie\/glentiesfrs\/index.php\/wp-json\/wp\/v2\/users\/6"}],"replies":[{"embeddable":true,"href":"https:\/\/countydonegalfrs.ie\/glentiesfrs\/index.php\/wp-json\/wp\/v2\/comments?post=12085"}],"version-history":[{"count":9,"href":"https:\/\/countydonegalfrs.ie\/glentiesfrs\/index.php\/wp-json\/wp\/v2\/pages\/12085\/revisions"}],"predecessor-version":[{"id":12564,"href":"https:\/\/countydonegalfrs.ie\/glentiesfrs\/index.php\/wp-json\/wp\/v2\/pages\/12085\/revisions\/12564"}],"wp:attachment":[{"href":"https:\/\/countydonegalfrs.ie\/glentiesfrs\/index.php\/wp-json\/wp\/v2\/media?parent=12085"}],"curies":[{"name":"wp","href":"https:\/\/api.w.org\/{rel}","templated":true}]}}