{"id":12532,"date":"2020-12-04T11:56:03","date_gmt":"2020-12-04T11:56:03","guid":{"rendered":"https:\/\/countydonegalfrs.ie\/glentiesfrs\/?page_id=12532"},"modified":"2020-12-04T11:59:44","modified_gmt":"2020-12-04T11:59:44","slug":"baile","status":"publish","type":"page","link":"https:\/\/countydonegalfrs.ie\/glentiesfrs\/index.php\/baile\/","title":{"rendered":"Baile"},"content":{"rendered":"\t\t<div data-elementor-type=\"wp-page\" data-elementor-id=\"12532\" class=\"elementor elementor-12532\" data-elementor-settings=\"[]\">\n\t\t\t\t\t\t<div class=\"elementor-inner\">\n\t\t\t\t\t\t\t<div class=\"elementor-section-wrap\">\n\t\t\t\t\t\t\t<section class=\"elementor-section elementor-top-section elementor-element elementor-element-8c5d440 elementor-section-boxed elementor-section-height-default elementor-section-height-default\" data-id=\"8c5d440\" data-element_type=\"section\">\n\t\t\t\t\t\t<div class=\"elementor-container elementor-column-gap-default\">\n\t\t\t\t\t\t\t<div class=\"elementor-row\">\n\t\t\t\t\t<div class=\"elementor-column elementor-col-100 elementor-top-column elementor-element elementor-element-2a7daa4\" data-id=\"2a7daa4\" data-element_type=\"column\">\n\t\t\t<div class=\"elementor-column-wrap elementor-element-populated\">\n\t\t\t\t\t\t\t<div class=\"elementor-widget-wrap\">\n\t\t\t\t\t\t<div class=\"elementor-element elementor-element-8cdbe45 elementor-widget elementor-widget-text-editor\" data-id=\"8cdbe45\" data-element_type=\"widget\" data-widget_type=\"text-editor.default\">\n\t\t\t\t<div class=\"elementor-widget-container\">\n\t\t\t\t\t<div class=\"elementor-text-editor elementor-clearfix\"><p><!-- wp:heading {\"align\":\"center\"} --><\/p><h2>Sc\u00e9im Faoisimh Tuilte Na Gleannta<\/h2><p><!-- \/wp:heading --><\/p><h2 style=\"text-align: center;\" role=\"textbox\" contenteditable=\"true\" aria-multiline=\"true\" aria-label=\"Write heading\u2026\">\u00a0<\/h2><p><script type=\"text\/javascript\">\r\ndocument.addEventListener(\"DOMContentLoaded\", function(event) { \r\n\tjQuery( '#slider-pro-3-12105' ).sliderPro({\r\n\t\t\/\/width\r\n\t\t\t\twidth: \"100%\",\r\n\t\t\t\t\r\n\t\t\/\/height\r\n\t\t\t\tautoHeight: true,\r\n\t\t\t\t\r\n\t\t\/\/autoplay\r\n\t\t\t\tautoplay:  true,\r\n\t\tautoplayOnHover: 'none',\r\n\t\t\t\t\t\t\t\tautoplayDelay: 5000,\r\n\t\t\r\n\t\t\r\n\t\tarrows: true,\r\n\t\tbuttons: true,\r\n\t\tsmallSize: 500,\r\n\t\tmediumSize: 1000,\r\n\t\tlargeSize: 3000,\r\n\t\tfade: true,\r\n\t\t\r\n\t\t\/\/thumbnail\r\n\t\tthumbnailArrows: true,\r\n\t\tthumbnailWidth: 120,\r\n\t\tthumbnailHeight: 120,\r\n\t\t\t\t\t\tthumbnailsPosition: 'bottom',\r\n\t\t\t\t\t\tcenterImage: true,\r\n\t\timageScaleMode: 'cover',\r\n\t\tallowScaleUp: true,\r\n\t\t\t\tstartSlide: 0,\r\n\t\tloop: true,\r\n\t\tslideDistance: 5,\r\n\t\tautoplayDirection: 'normal',\r\n\t\ttouchSwipe: true,\r\n\t\tfullScreen: true,\r\n\t});\r\n});\r\n<\/script>\r\n<style>\r\n\/* Layout 3 *\/\r\n\/* border *\/\r\n#slider-pro-3-12105 .sp-selected-thumbnail {\r\n\tborder: 4px solid #000000;\r\n}\r\n\r\n\/* font + color *\/\r\n.title-in  {\r\n\tfont-family: Arial !important;\r\n\tcolor: #FFFFFF !important;\r\n\tbackground-color: #000000 !important;\r\n\topacity: 0.7 !important;\r\n}\r\n.desc-in  {\r\n\tfont-family: Arial !important;\r\n\tcolor: #FFFFFF !important;\r\n\tbackground-color: #00000 !important;\r\n\topacity: 0.7 !important;\r\n}\r\n\r\n\/* bullets color *\/\r\n.sp-button  {\r\n\tborder: 2px solid #000000 !important;\r\n}\r\n.sp-selected-button  {\r\n\tbackground-color: #000000 !important;\r\n}\r\n\r\n\/* pointer color - bottom *\/\r\n.sp-selected-thumbnail::before {\r\n\tborder-bottom: 5px solid #000000 !important;\r\n}\r\n.sp-selected-thumbnail::after {\r\n\tborder-bottom: 13px solid #000000 !important;\r\n}\r\n\r\n\/* pointer color - top *\/\r\n\r\n\/* full screen icon *\/\r\n.sp-full-screen-button::before {\r\n    color: #FFFFFF !important;\r\n}\r\n\r\n\/* hover navigation icon color *\/\r\n.sp-next-arrow::after, .sp-next-arrow::before {\r\n\tbackground-color: #FFFFFF !important;\r\n}\r\n.sp-previous-arrow::after, .sp-previous-arrow::before {\r\n\tbackground-color: #FFFFFF !important;\r\n}\r\n\r\n#slider-pro-3-12105 .title-in {\r\n\tcolor: #FFFFFF !important;\r\n\tfont-weight: bolder;\r\n\ttext-align: center;\r\n}\r\n\r\n#slider-pro-3-12105 .title-in-bg {\r\n\tbackground: rgba(255, 255, 255, 0.7); !important;\r\n\twhite-space: unset !important;\r\n\tmax-width: 90%;\r\n\tmin-width: 40%;\r\n\ttransform: initial !important;\r\n\t-webkit-transform: initial !important;\r\n\tfont-size: 14px !important;\r\n}\r\n\r\n#slider-pro-3-12105 .desc-in {\r\n\tcolor: #FFFFFF !important;\r\n\ttext-align: center;\r\n}\r\n#slider-pro-3-12105 .desc-in-bg {\r\n\tbackground: rgba(#00000, 0.7) !important;\r\n\twhite-space: unset !important;\r\n\twidth: 80% !important;\r\n\tmin-width: 30%;\r\n\ttransform: initial !important;\r\n\t-webkit-transform: initial !important;\r\n\tfont-size: 13px !important;\r\n}\r\n\r\n@media (max-width: 640px) {\r\n\t#slider-pro-3-12105 .hide-small-screen {\r\n\t\tdisplay: none;\r\n\t}\r\n}\r\n\r\n@media (max-width: 860px) {\r\n\t#slider-pro-3-12105 .sp-layer {\r\n\t\tfont-size: 18px;\r\n\t}\r\n\t\r\n\t#slider-pro-3-12105 .hide-medium-screen {\r\n\t\tdisplay: none;\r\n\t}\r\n}\r\n.slides-not-found {\r\n\tbackground-color: #a92929;\r\n\tborder-radius: 5px;\r\n\tcolor: #fff;\r\n\tfont-family: initial;\r\n\ttext-align: center;\r\n\tpadding:12px;\r\n}\r\n\/* Custom CSS *\/\r\n<\/style>\r\n\t\t<div id=\"slider-pro-3-12105\" class=\"slider-pro\">\r\n\t\t\t<!---- slides div start ---->\r\n\t\t\t<div class=\"sp-slides\">\r\n\t\t\t\t\t\t\t\t\t\t<div class=\"sp-slide\">\r\n\t\t\t\t\t\t\t<img class=\"sp-image\" alt=\"Glenties 2048x699\" src=\"https:\/\/countydonegalfrs.ie\/glentiesfrs\/wp-content\/plugins\/ultimate-responsive-image-slider\/assets\/css\/images\/blank.gif\" data-src=\"https:\/\/countydonegalfrs.ie\/glentiesfrs\/wp-content\/uploads\/2020\/11\/Glenties-2048x699-1.jpg\" \/>\r\n\r\n\t\t\t\t\t\t\t\r\n\t\t\t\t\t\t\t\t\t\t\t\t\t<\/div>\r\n\t\t\t\t\t\t\t\t\t\t\t\t<div class=\"sp-slide\">\r\n\t\t\t\t\t\t\t<img class=\"sp-image\" alt=\"Glenties_Risk_COCO\" src=\"https:\/\/countydonegalfrs.ie\/glentiesfrs\/wp-content\/plugins\/ultimate-responsive-image-slider\/assets\/css\/images\/blank.gif\" data-src=\"https:\/\/countydonegalfrs.ie\/glentiesfrs\/wp-content\/uploads\/2020\/09\/Glenties_Risk_COCO.jpg\" \/>\r\n\r\n\t\t\t\t\t\t\t\r\n\t\t\t\t\t\t\t\t\t\t\t\t\t<\/div>\r\n\t\t\t\t\t\t\t\t\t\t\t\t<div class=\"sp-slide\">\r\n\t\t\t\t\t\t\t<img class=\"sp-image\" alt=\"Glenties_River_COCO\" src=\"https:\/\/countydonegalfrs.ie\/glentiesfrs\/wp-content\/plugins\/ultimate-responsive-image-slider\/assets\/css\/images\/blank.gif\" data-src=\"https:\/\/countydonegalfrs.ie\/glentiesfrs\/wp-content\/uploads\/2020\/09\/Glenties_River_COCO.jpg\" \/>\r\n\r\n\t\t\t\t\t\t\t\r\n\t\t\t\t\t\t\t\t\t\t\t\t\t<\/div>\r\n\t\t\t\t\t\t\t\t\t<\/div>\r\n\t\t\t\r\n\t\t\t<!---- slides div end ---->\r\n\t\t\t\t\t\t<!-- slides thumbnails div end -->\r\n\t\t<\/div>\r\n<\/p><h2 style=\"text-align: left;\" role=\"textbox\" contenteditable=\"true\" aria-multiline=\"true\" aria-label=\"Write heading\u2026\">\u00a0<\/h2><p><a href=\"https:\/\/countydonegalfrs.ie\/glentiesfrs\/wp-content\/uploads\/2020\/10\/Glenties_Diagram_Updated-scaled.jpg\">\u00a0<\/a><\/p><p><a href=\"https:\/\/countydonegalfrs.ie\/glentiesfrs\/wp-content\/uploads\/2020\/10\/Glenties_Diagram_Updated-scaled.jpg\">\u00a0<\/a><\/p><p>Is baile \u00e9 Na Gleannta at\u00e1 suite in iardheisceart Chontae Dh\u00fan na nGall ar an taobh thiar thuaidh de na Cruacha agus deich cilim\u00e9adar \u00f3n bhfarraige. T\u00e1 sl\u00e9ibhte thart ar thr\u00ed taobh de. T\u00e1 s\u00e9 suite ar an N56 agus is ann a thagann dh\u00e1 ghleann le ch\u00e9ile, d\u00edreach lastuas den \u00e1it a thagann dh\u00e1 abhainn le ch\u00e9ile, agus is as sin a thagann an t-ainm Na Gleannta.<\/p><p>Ritheann an Abhainn Fhia taobh \u00f3 dheas den bhaile. Isteach san Fhia a shileann uisc\u00ed \u00f3n taobh thuaidh de na Cruacha. Sileann s\u00ed i dtreo an iarthair agus t\u00e9ann s\u00ed isteach san fharraige in aice le hArd an R\u00e1tha. Sileann an Srath Chaisil isteach i ngleann eile ar an taobh thoir thuaidh de Na Gleannta. Sileann s\u00ed tr\u00ed l\u00e1r an bhaile i silte\u00e1n domhain roimh teacht le ch\u00e9ile leis an Abhainn Fhia taobh \u00f3 dheas. T\u00e1 Brad\u00e1n agus Breac sa da abhainn agus t\u00e1 siad laistigh de Limist\u00e9ar faoi Chaomhn\u00fa Speisialta (SAC). T\u00e1 Di\u00failic\u00edn\u00ed P\u00e9arla \u00daruisce san Fhia freisin. T\u00e1 an tr\u00ed\u00fa sruthch\u00farsa ann, Gort na Muclach as a sileann uisce taobh \u00f3 thuaidh den bhaile agus sileann s\u00ed thiar theas \u00e1it a thagann s\u00ed le ch\u00e9ile leis an Abhainn Fhia taobh thiar den chlub CLG. T\u00e1 gach ceann de na haibhneacha faoi r\u00e9ir mhaidhm thuile nuair a bh\u00edonn b\u00e1isteach throm ann.<\/p><p>Mar chuid de Phlean Forbartha N\u00e1isi\u00fanta an Rialtais 2018-2027, ta \u20ac1 billi\u00fan geallta le haghaidh bearta faoisimh tuilte a fhorbairt ar fud na h\u00c9ireann. Mar chuid den ghealltanas seo, buna\u00edodh gr\u00fapa sti\u00fartha idir Oifig na nOibreacha Poibl\u00ed agus Comhairle Contae Dh\u00fan na nGall chun sc\u00e9im faoisimh tuilte a chur chun cinn, rud a mhaol\u00f3idh an baol \u00f3 thuilte sna Gleannta. In I\u00fail 2020, ceapadh RPS mar Shainchomhairleoir\u00ed Innealt\u00f3ireacha agus Timpeallachta chun sc\u00e9im faoisimh tuilte a fhorbairt a bheidh inghlactha do Na Gleannta go teicni\u00fail, go s\u00f3isialta, go heacnama\u00edoch agus inghlactha \u00f3 thaobh na timpeallachta de.\u00a0<a href=\"https:\/\/countydonegalfrs.ie\/glentiesfrs\/wp-content\/uploads\/2020\/10\/Glenties_Diagram_Updated-scaled.jpg\"><img loading=\"lazy\" class=\" wp-image-12398 aligncenter\" src=\"https:\/\/countydonegalfrs.ie\/glentiesfrs\/wp-content\/uploads\/2020\/10\/Glenties_Diagram_Updated-300x300.jpg\" alt=\"\" width=\"650\" height=\"650\" srcset=\"https:\/\/countydonegalfrs.ie\/glentiesfrs\/wp-content\/uploads\/2020\/10\/Glenties_Diagram_Updated-150x150@2x.jpg 300w, https:\/\/countydonegalfrs.ie\/glentiesfrs\/wp-content\/uploads\/2020\/10\/Glenties_Diagram_Updated-1024x1024.jpg 1024w, https:\/\/countydonegalfrs.ie\/glentiesfrs\/wp-content\/uploads\/2020\/10\/Glenties_Diagram_Updated-150x150.jpg 150w, https:\/\/countydonegalfrs.ie\/glentiesfrs\/wp-content\/uploads\/2020\/10\/Glenties_Diagram_Updated-768x768.jpg 768w, https:\/\/countydonegalfrs.ie\/glentiesfrs\/wp-content\/uploads\/2020\/10\/Glenties_Diagram_Updated-768x768@2x.jpg 1536w, https:\/\/countydonegalfrs.ie\/glentiesfrs\/wp-content\/uploads\/2020\/10\/Glenties_Diagram_Updated-1024x1024@2x.jpg 2048w, https:\/\/countydonegalfrs.ie\/glentiesfrs\/wp-content\/uploads\/2020\/10\/Glenties_Diagram_Updated-60x60.jpg 60w, https:\/\/countydonegalfrs.ie\/glentiesfrs\/wp-content\/uploads\/2020\/10\/Glenties_Diagram_Updated-43x43.jpg 43w, https:\/\/countydonegalfrs.ie\/glentiesfrs\/wp-content\/uploads\/2020\/10\/Glenties_Diagram_Updated-400x400@2x.jpg 800w, https:\/\/countydonegalfrs.ie\/glentiesfrs\/wp-content\/uploads\/2020\/10\/Glenties_Diagram_Updated-1260x1260.jpg 1260w, https:\/\/countydonegalfrs.ie\/glentiesfrs\/wp-content\/uploads\/2020\/10\/Glenties_Diagram_Updated-615x615.jpg 615w, https:\/\/countydonegalfrs.ie\/glentiesfrs\/wp-content\/uploads\/2020\/10\/Glenties_Diagram_Updated-400x400.jpg 400w, https:\/\/countydonegalfrs.ie\/glentiesfrs\/wp-content\/uploads\/2020\/10\/Glenties_Diagram_Updated-292x292.jpg 292w, https:\/\/countydonegalfrs.ie\/glentiesfrs\/wp-content\/uploads\/2020\/10\/Glenties_Diagram_Updated-300x300@2x.jpg 600w, https:\/\/countydonegalfrs.ie\/glentiesfrs\/wp-content\/uploads\/2020\/10\/Glenties_Diagram_Updated-60x60@2x.jpg 120w, https:\/\/countydonegalfrs.ie\/glentiesfrs\/wp-content\/uploads\/2020\/10\/Glenties_Diagram_Updated-43x43@2x.jpg 86w, https:\/\/countydonegalfrs.ie\/glentiesfrs\/wp-content\/uploads\/2020\/10\/Glenties_Diagram_Updated-800x800@2x.jpg 1600w, https:\/\/countydonegalfrs.ie\/glentiesfrs\/wp-content\/uploads\/2020\/10\/Glenties_Diagram_Updated-1260x1260@2x.jpg 2520w, https:\/\/countydonegalfrs.ie\/glentiesfrs\/wp-content\/uploads\/2020\/10\/Glenties_Diagram_Updated-615x615@2x.jpg 1230w, https:\/\/countydonegalfrs.ie\/glentiesfrs\/wp-content\/uploads\/2020\/10\/Glenties_Diagram_Updated-292x292@2x.jpg 584w\" sizes=\"(max-width: 650px) 100vw, 650px\" \/><\/a><\/p><p>Tuarsaca\u00edodh go raibh roinnt teagmhas tuilte sna Gleannta in 1989, 2011, 2012 agus is i L\u00fanana 2019 a bh\u00ed an ceann is deireana\u00ed. Meastar gur tharla na himeachta\u00ed seo go l\u00e9ir toisc gur sh\u00e1raigh na haibhneacha thart timpeall ar Na Gleannta a mbruacha. Mar thoradh ar an teagmhas in 2019 bh\u00ed tuile thromch\u00faiseach ar thailte an chlub CLG (Naomh Conaill). Bh\u00ed tuilte ann ar\u00eds is ar\u00eds eile in east\u00e1t tith\u00edochta Cl\u00f3s Naomh Conaill ach t\u00e1 oibreacha d\u00e9anta le d\u00e9ana\u00ed ag Comhairle Contae Dh\u00fan na nGall ar an l\u00edonra draen\u00e1la chun fadhb na dtuilte seo a r\u00e9iteach.<\/p><p>Chun dul i ngleic le saincheisteanna tuilte go n\u00e1isi\u00fanta, choimisi\u00fanaigh Oifig na nOibreacha Poibl\u00ed (OPW) agus thug s\u00ed chun cr\u00edche, staid\u00e9ir Bainist\u00edochta Riosca i gC\u00e1s Tuilte Dobharcheantair (CFRAM) fud fad na t\u00edre. Tugadh an Staid\u00e9ar CFRAM Neagh Bann Thiar Thuaidh chun cr\u00edche le taca\u00edoicht \u00f3 Chomhairle Contae Dh\u00fan na nGall. D\u2019aithin toradh amh\u00e1in den staid\u00e9ar go bhfuil baol \u00f3 thuilte i gceantair \u00e1irithe, lena n-\u00e1ir\u00edtear Na Gleannta mar aon leis an tionchar a bh\u00edonn ag tuilte ar cheantair. D\u2019ullmhaigh an Staid\u00e9ar freisin Pleananna Bainist\u00edochta Riosca i gC\u00e1s Tuilte, a leagann amach na bearta agus na polasaithe at\u00e1 riachtanach chun an bhainist\u00edocht ar bhaol \u00f3 thuilte is inbhuainaithe agus is \u00e9ifeacht\u00fala \u00f3 thaobh costas de a bhaint amach.<\/p><p>Ceapadh RPS chun meas\u00fan\u00fa mionsonraithe innealt\u00f3ireachta ag leibh\u00e9al tionscadail a dh\u00e9anamh do Na Gleannta. Sa mheas\u00fan\u00fa aimseofar bearta maolaithe tuilte cu\u00ed agus ullmh\u00f3far l\u00edn\u00edochta\u00ed dearaidh mionsonraithe agus c\u00e1ip\u00e9is\u00ed. Nuair a bheidh siad cr\u00edochnaithe, \u00e9asc\u00f3idh an baili\u00fach\u00e1n saothar seo aighneacht ar iarratas plean\u00e1la de r\u00e9ir an Achta Plean\u00e1la agus Forbartha (2000), na Rialach\u00e1n Plean\u00e1la agus Forbartha (2001) agus \u00e9asc\u00f3idh siad t\u00f3g\u00e1il na sc\u00e9ime ina dhiaidh sin. Mar chuid den phr\u00f3iseas Forbartha Sc\u00e9ime, d\u00e9anfaidh RPS R\u00e1iteas Tionchair Natura agus Meas\u00fanacht Tionchair Timpeallachta, m\u00e1s g\u00e1 faoin reachta\u00edocht \u00e1bhartha.<\/p><p><!-- \/wp:spacer --><\/p><p><!-- wp:heading {\"level\":3} --><\/p><h3>Baill an Ghr\u00fapa Sti\u00fartha<\/h3><p><!-- \/wp:heading --><\/p><p><!-- wp:image {\"id\":12350,\"sizeSlug\":\"large\"} --><\/p><figure><img src=\"https:\/\/countydonegalfrs.ie\/glentiesfrs\/wp-content\/uploads\/2020\/09\/Baselogos.jpg\" alt=\"\" \/><\/figure><p><!-- \/wp:image --><\/p><\/div>\n\t\t\t\t<\/div>\n\t\t\t\t<\/div>\n\t\t\t\t\t\t<\/div>\n\t\t\t\t\t<\/div>\n\t\t<\/div>\n\t\t\t\t\t\t\t\t<\/div>\n\t\t\t\t\t<\/div>\n\t\t<\/section>\n\t\t\t\t\t\t<\/div>\n\t\t\t\t\t\t<\/div>\n\t\t\t\t\t<\/div>\n\t\t","protected":false},"excerpt":{"rendered":"","protected":false},"author":6,"featured_media":0,"parent":0,"menu_order":0,"comment_status":"closed","ping_status":"closed","template":"","meta":[],"_links":{"self":[{"href":"https:\/\/countydonegalfrs.ie\/glentiesfrs\/index.php\/wp-json\/wp\/v2\/pages\/12532"}],"collection":[{"href":"https:\/\/countydonegalfrs.ie\/glentiesfrs\/index.php\/wp-json\/wp\/v2\/pages"}],"about":[{"href":"https:\/\/countydonegalfrs.ie\/glentiesfrs\/index.php\/wp-json\/wp\/v2\/types\/page"}],"author":[{"embeddable":true,"href":"https:\/\/countydonegalfrs.ie\/glentiesfrs\/index.php\/wp-json\/wp\/v2\/users\/6"}],"replies":[{"embeddable":true,"href":"https:\/\/countydonegalfrs.ie\/glentiesfrs\/index.php\/wp-json\/wp\/v2\/comments?post=12532"}],"version-history":[{"count":4,"href":"https:\/\/countydonegalfrs.ie\/glentiesfrs\/index.php\/wp-json\/wp\/v2\/pages\/12532\/revisions"}],"predecessor-version":[{"id":12536,"href":"https:\/\/countydonegalfrs.ie\/glentiesfrs\/index.php\/wp-json\/wp\/v2\/pages\/12532\/revisions\/12536"}],"wp:attachment":[{"href":"https:\/\/countydonegalfrs.ie\/glentiesfrs\/index.php\/wp-json\/wp\/v2\/media?parent=12532"}],"curies":[{"name":"wp","href":"https:\/\/api.w.org\/{rel}","templated":true}]}}