{"id":12538,"date":"2020-12-04T15:20:40","date_gmt":"2020-12-04T15:20:40","guid":{"rendered":"https:\/\/countydonegalfrs.ie\/glentiesfrs\/?page_id=12538"},"modified":"2020-12-10T09:42:10","modified_gmt":"2020-12-10T09:42:10","slug":"comhairliuchan-poibli-tosaigh","status":"publish","type":"page","link":"https:\/\/countydonegalfrs.ie\/glentiesfrs\/index.php\/comhairliuchan-poibli-tosaigh\/","title":{"rendered":"Comhairli\u00fach\u00e1n Poibl\u00ed Tosaigh"},"content":{"rendered":"\t\t<div data-elementor-type=\"wp-page\" data-elementor-id=\"12538\" class=\"elementor elementor-12538\" data-elementor-settings=\"[]\">\n\t\t\t\t\t\t<div class=\"elementor-inner\">\n\t\t\t\t\t\t\t<div class=\"elementor-section-wrap\">\n\t\t\t\t\t\t\t<section class=\"elementor-section elementor-top-section elementor-element elementor-element-7aac55f elementor-section-boxed elementor-section-height-default elementor-section-height-default\" data-id=\"7aac55f\" data-element_type=\"section\">\n\t\t\t\t\t\t<div class=\"elementor-container elementor-column-gap-default\">\n\t\t\t\t\t\t\t<div class=\"elementor-row\">\n\t\t\t\t\t<div class=\"elementor-column elementor-col-100 elementor-top-column elementor-element elementor-element-9905d40\" data-id=\"9905d40\" data-element_type=\"column\">\n\t\t\t<div class=\"elementor-column-wrap elementor-element-populated\">\n\t\t\t\t\t\t\t<div class=\"elementor-widget-wrap\">\n\t\t\t\t\t\t<div class=\"elementor-element elementor-element-13e3e7e elementor-widget elementor-widget-text-editor\" data-id=\"13e3e7e\" data-element_type=\"widget\" data-widget_type=\"text-editor.default\">\n\t\t\t\t<div class=\"elementor-widget-container\">\n\t\t\t\t\t<div class=\"elementor-text-editor elementor-clearfix\"><p data-wahfont=\"14\">Mar \u00dadar\u00e1s Conarthach, t\u00e1 Comhairle Contae Dh\u00fan na nGall i gcomhph\u00e1irt\u00edocht le hOifig na nOibreacha Poibl\u00ed (OPW), ag bogadh ar aghaidh le forbairt ar Sc\u00e9im Faoisimh Tuilte do Na Gleannta bunaithe ar cheisteanna teicni\u00fala, s\u00f3isialta, timpeallachgta agus eacnama\u00edocha.<\/p><p data-wahfont=\"14\">T\u00e1 an Sc\u00e9im Faoisimh Tuilte at\u00e1 molta do Na Gleannta f\u00f3s ina th\u00fas, agus ba mhaith le Comhairle Contae Dh\u00fan na nGall in \u00e9ineacht leis an bhfoireann innealt\u00f3ireachta agus timpeallachta a ceapadh le d\u00e9ana\u00ed in RPS, tuairim\u00ed agus eolas an phobail \u00e1iti\u00fail a ionchorpr\u00fa mar aon le tuairim\u00ed agus eolas gach p\u00e1irt\u00ed leasmhar a d\u2019fh\u00e9adfadh suim a bheith acu sa sc\u00e9im.\u00a0<\/p><p data-wahfont=\"14\"><strong>Conas p\u00e1irt a ghlacadh sa Chomhairli\u00fach\u00e1n:<\/strong><\/p><ol><li>L\u00e9igh an Br\u00f3isi\u00far Comhairli\u00fach\u00e1n Tosaigh at\u00e1 le f\u00e1il faoi \u201c\u00c1bhar\u201d ag bun an sc\u00e1ile\u00e1in ar dheis.<\/li><li>Comhl\u00e1naigh an Ceistneoir Ar L\u00edne faoi iamh at\u00e1 ar thaobh na l\u00e1imhe deise den sc\u00e1ile\u00e1n faoi \u201cTagairt\u00ed\u201d. Nuair a chlice\u00e1ltar air seo, atreor\u00f3far an \u00fas\u00e1ideoir go dt\u00ed Ceistneoir de chuid Microsoft Forms agus seolfar na freagairt\u00ed go huathoibr\u00edoch go dt\u00ed seoladh r\u00edomhphoist a bhaineann go sonrach le Sc\u00e9im Faoisimh Tuilte Na Gleannta ag Glentiesfrs@rpsgroup.com chun leagan pdf a fh\u00e1il den cheistneoir).<\/li><\/ol><p data-wahfont=\"14\"><strong>Cad a tharl\u00f3idh ansin:<\/strong><\/p><p data-wahfont=\"14\">D\u00e9anfar gach bar\u00fail a fhaightear mar fhreagairt ar an gComhairli\u00fach\u00e1n Poibl\u00ed seo a mheas agus cuirfear san \u00e1ireamh iad nuair a bheidh C\u00e9im 1 \u00e1 ullmh\u00fa (Forbairt agus Dearadh Sc\u00e9ime) den Sc\u00e9im Faoisimh Tuilte.do Na Gleannta.<\/p><\/div>\n\t\t\t\t<\/div>\n\t\t\t\t<\/div>\n\t\t\t\t\t\t<\/div>\n\t\t\t\t\t<\/div>\n\t\t<\/div>\n\t\t\t\t\t\t\t\t<\/div>\n\t\t\t\t\t<\/div>\n\t\t<\/section>\n\t\t\t\t\t\t<\/div>\n\t\t\t\t\t\t<\/div>\n\t\t\t\t\t<\/div>\n\t\t","protected":false},"excerpt":{"rendered":"<p>Mar \u00dadar\u00e1s Conarthach, t\u00e1 Comhairle Contae Dh\u00fan na nGall i gcomhph\u00e1irt\u00edocht le hOifig na nOibreacha Poibl\u00ed (OPW), ag bogadh ar aghaidh le forbairt ar Sc\u00e9im Faoisimh Tuilte do Na Gleannta bunaithe ar cheisteanna teicni\u00fala, s\u00f3isialta, timpeallachgta agus eacnama\u00edocha. T\u00e1 an Sc\u00e9im Faoisimh Tuilte at\u00e1 molta do Na Gleannta f\u00f3s ina th\u00fas, agus ba mhaith le&#8230;<\/p>\n","protected":false},"author":6,"featured_media":0,"parent":0,"menu_order":0,"comment_status":"closed","ping_status":"closed","template":"","meta":[],"_links":{"self":[{"href":"https:\/\/countydonegalfrs.ie\/glentiesfrs\/index.php\/wp-json\/wp\/v2\/pages\/12538"}],"collection":[{"href":"https:\/\/countydonegalfrs.ie\/glentiesfrs\/index.php\/wp-json\/wp\/v2\/pages"}],"about":[{"href":"https:\/\/countydonegalfrs.ie\/glentiesfrs\/index.php\/wp-json\/wp\/v2\/types\/page"}],"author":[{"embeddable":true,"href":"https:\/\/countydonegalfrs.ie\/glentiesfrs\/index.php\/wp-json\/wp\/v2\/users\/6"}],"replies":[{"embeddable":true,"href":"https:\/\/countydonegalfrs.ie\/glentiesfrs\/index.php\/wp-json\/wp\/v2\/comments?post=12538"}],"version-history":[{"count":7,"href":"https:\/\/countydonegalfrs.ie\/glentiesfrs\/index.php\/wp-json\/wp\/v2\/pages\/12538\/revisions"}],"predecessor-version":[{"id":12601,"href":"https:\/\/countydonegalfrs.ie\/glentiesfrs\/index.php\/wp-json\/wp\/v2\/pages\/12538\/revisions\/12601"}],"wp:attachment":[{"href":"https:\/\/countydonegalfrs.ie\/glentiesfrs\/index.php\/wp-json\/wp\/v2\/media?parent=12538"}],"curies":[{"name":"wp","href":"https:\/\/api.w.org\/{rel}","templated":true}]}}