{"id":12546,"date":"2020-12-04T15:24:45","date_gmt":"2020-12-04T15:24:45","guid":{"rendered":"https:\/\/countydonegalfrs.ie\/glentiesfrs\/?page_id=12546"},"modified":"2025-07-20T16:14:31","modified_gmt":"2025-07-20T16:14:31","slug":"achar-ama","status":"publish","type":"page","link":"https:\/\/countydonegalfrs.ie\/glentiesfrs\/index.php\/achar-ama\/","title":{"rendered":"Achar Ama"},"content":{"rendered":"\t\t<div data-elementor-type=\"wp-page\" data-elementor-id=\"12546\" class=\"elementor elementor-12546\" data-elementor-settings=\"[]\">\n\t\t\t\t\t\t<div class=\"elementor-inner\">\n\t\t\t\t\t\t\t<div class=\"elementor-section-wrap\">\n\t\t\t\t\t\t\t<section class=\"elementor-section elementor-top-section elementor-element elementor-element-4ec939c elementor-section-boxed elementor-section-height-default elementor-section-height-default\" data-id=\"4ec939c\" data-element_type=\"section\">\n\t\t\t\t\t\t<div class=\"elementor-container elementor-column-gap-default\">\n\t\t\t\t\t\t\t<div class=\"elementor-row\">\n\t\t\t\t\t<div class=\"elementor-column elementor-col-100 elementor-top-column elementor-element elementor-element-d607923\" data-id=\"d607923\" data-element_type=\"column\">\n\t\t\t<div class=\"elementor-column-wrap elementor-element-populated\">\n\t\t\t\t\t\t\t<div class=\"elementor-widget-wrap\">\n\t\t\t\t\t\t<div class=\"elementor-element elementor-element-14cda51 elementor-widget elementor-widget-text-editor\" data-id=\"14cda51\" data-element_type=\"widget\" data-widget_type=\"text-editor.default\">\n\t\t\t\t<div class=\"elementor-widget-container\">\n\t\t\t\t\t<div class=\"elementor-text-editor elementor-clearfix\"><p>Beidh c\u00faig ch\u00e9im sa sc\u00e9im faoisimh tuilte mar seo a leanas:<\/p><p><strong>C\u00e9im I:\u00a0<\/strong>Forbairt agus Dearadh Sc\u00e9ime<\/p><p>I gceist le C\u00e9im 1 beidh baili\u00fach\u00e1n na sonra\u00ed \u00e1bhartha go l\u00e9ir. Ullmh\u00f3far sonra\u00edocht suirbh\u00e9, cuirfear tairiscint isteach ina leith agus d\u00e9anfar \u00ed a bhainisti\u00fa. D\u00e9anfar anail\u00eds hidreola\u00edoch agus hiodr\u00e1lach ar an gceantar. D\u00e9anfar anail\u00eds costais is tairbhe ioml\u00e1n ar an Sc\u00e9in freisin.<\/p><p><strong>C\u00e9im II:\u00a0Plean\u00e1il<\/strong><\/p><p>I gC\u00e9im II ullmh\u00f3far \u00a0na doicim\u00e9id go l\u00e9ir at\u00e1 riachtanach chun an Sc\u00e9im a chur tr\u00edd an bplean\u00e1il riachtanach, lena n-\u00e1ir\u00edtear taispe\u00e1ntas poibl\u00ed, agus pr\u00f3isis reacht\u00fala eile.<\/p><p><strong>C\u00e9im III:\u00a0<\/strong>Dearth\u00f3ireacht Foirgn\u00edochta mionsonraithe agus Tairiscint<\/p><p>I gceist le C\u00e9im III beidh dearadh, ullmh\u00fach\u00e1n doicim\u00e9ad tairisceana agus com\u00f3rtas poibl\u00ed chun conraitheoir a cheapadh. do na pr\u00edomhoibreacha.<\/p><p><strong>C\u00e9im IV:<\/strong>\u00a0T\u00f3g\u00e1il<\/p><p>Beidh conraitheoir oibreacha freagrach as an t\u00f3g\u00e1il, faoi mhaoirseacht an sainchomhairleora, i ndiaidh com\u00f3rtais sol\u00e1thair phoibl\u00ed. Ag deireadh Sc\u00e9im 1V cuirfear an Sc\u00e9im i bhfeidhm.<\/p><p><strong>C\u00e9im V:\u00a0<\/strong>Aistri\u00fa na nOibreacha\u00a0<\/p><p>Coimisi\u00fan\u00fa den teastas cr\u00edochnaithe. Tuarasc\u00e1il anail\u00edse airgeadais a ullmh\u00fa. Suirbh\u00e9anna \u2018Mar a t\u00f3gadh\u2019, map\u00e1il tuilte \u2018Mar a t\u00f3gadh\u2019 agus ullmh\u00f3far plean nuashonraithe Oiri\u00fan\u00fa um Athr\u00fa Aer\u00e1ide.<\/p><p><img loading=\"lazy\" class=\"alignnone size-large wp-image-12897\" src=\"https:\/\/countydonegalfrs.ie\/glentiesfrs\/wp-content\/uploads\/2025\/07\/glenties-irish-1024x207.png\" alt=\"\" width=\"1024\" height=\"207\" srcset=\"https:\/\/countydonegalfrs.ie\/glentiesfrs\/wp-content\/uploads\/2025\/07\/glenties-irish-1024x207.png 1024w, https:\/\/countydonegalfrs.ie\/glentiesfrs\/wp-content\/uploads\/2025\/07\/glenties-irish-300x61.png 300w, https:\/\/countydonegalfrs.ie\/glentiesfrs\/wp-content\/uploads\/2025\/07\/glenties-irish-768x156.png 768w, https:\/\/countydonegalfrs.ie\/glentiesfrs\/wp-content\/uploads\/2025\/07\/glenties-irish-400x81@2x.png 800w, https:\/\/countydonegalfrs.ie\/glentiesfrs\/wp-content\/uploads\/2025\/07\/glenties-irish-1260x255.png 1260w, https:\/\/countydonegalfrs.ie\/glentiesfrs\/wp-content\/uploads\/2025\/07\/glenties-irish-615x125.png 615w, https:\/\/countydonegalfrs.ie\/glentiesfrs\/wp-content\/uploads\/2025\/07\/glenties-irish-400x81.png 400w, https:\/\/countydonegalfrs.ie\/glentiesfrs\/wp-content\/uploads\/2025\/07\/glenties-irish-292x59.png 292w, https:\/\/countydonegalfrs.ie\/glentiesfrs\/wp-content\/uploads\/2025\/07\/glenties-irish.png 1289w, https:\/\/countydonegalfrs.ie\/glentiesfrs\/wp-content\/uploads\/2025\/07\/glenties-irish-300x61@2x.png 600w, https:\/\/countydonegalfrs.ie\/glentiesfrs\/wp-content\/uploads\/2025\/07\/glenties-irish-615x125@2x.png 1230w, https:\/\/countydonegalfrs.ie\/glentiesfrs\/wp-content\/uploads\/2025\/07\/glenties-irish-292x59@2x.png 584w\" sizes=\"(max-width: 1024px) 100vw, 1024px\" \/><\/p><\/div>\n\t\t\t\t<\/div>\n\t\t\t\t<\/div>\n\t\t\t\t\t\t<\/div>\n\t\t\t\t\t<\/div>\n\t\t<\/div>\n\t\t\t\t\t\t\t\t<\/div>\n\t\t\t\t\t<\/div>\n\t\t<\/section>\n\t\t\t\t\t\t<\/div>\n\t\t\t\t\t\t<\/div>\n\t\t\t\t\t<\/div>\n\t\t","protected":false},"excerpt":{"rendered":"<p>Beidh c\u00faig ch\u00e9im sa sc\u00e9im faoisimh tuilte mar seo a leanas: C\u00e9im I:\u00a0Forbairt agus Dearadh Sc\u00e9ime I gceist le C\u00e9im 1 beidh baili\u00fach\u00e1n na sonra\u00ed \u00e1bhartha go l\u00e9ir. Ullmh\u00f3far sonra\u00edocht suirbh\u00e9, cuirfear tairiscint isteach ina leith agus d\u00e9anfar \u00ed a bhainisti\u00fa. D\u00e9anfar anail\u00eds hidreola\u00edoch agus hiodr\u00e1lach ar an gceantar. D\u00e9anfar anail\u00eds costais is tairbhe ioml\u00e1n&#8230;<\/p>\n","protected":false},"author":6,"featured_media":0,"parent":0,"menu_order":0,"comment_status":"closed","ping_status":"closed","template":"","meta":[],"_links":{"self":[{"href":"https:\/\/countydonegalfrs.ie\/glentiesfrs\/index.php\/wp-json\/wp\/v2\/pages\/12546"}],"collection":[{"href":"https:\/\/countydonegalfrs.ie\/glentiesfrs\/index.php\/wp-json\/wp\/v2\/pages"}],"about":[{"href":"https:\/\/countydonegalfrs.ie\/glentiesfrs\/index.php\/wp-json\/wp\/v2\/types\/page"}],"author":[{"embeddable":true,"href":"https:\/\/countydonegalfrs.ie\/glentiesfrs\/index.php\/wp-json\/wp\/v2\/users\/6"}],"replies":[{"embeddable":true,"href":"https:\/\/countydonegalfrs.ie\/glentiesfrs\/index.php\/wp-json\/wp\/v2\/comments?post=12546"}],"version-history":[{"count":16,"href":"https:\/\/countydonegalfrs.ie\/glentiesfrs\/index.php\/wp-json\/wp\/v2\/pages\/12546\/revisions"}],"predecessor-version":[{"id":12898,"href":"https:\/\/countydonegalfrs.ie\/glentiesfrs\/index.php\/wp-json\/wp\/v2\/pages\/12546\/revisions\/12898"}],"wp:attachment":[{"href":"https:\/\/countydonegalfrs.ie\/glentiesfrs\/index.php\/wp-json\/wp\/v2\/media?parent=12546"}],"curies":[{"name":"wp","href":"https:\/\/api.w.org\/{rel}","templated":true}]}}