{"id":12554,"date":"2020-12-04T15:29:25","date_gmt":"2020-12-04T15:29:25","guid":{"rendered":"https:\/\/countydonegalfrs.ie\/glentiesfrs\/?page_id=12554"},"modified":"2020-12-10T09:48:23","modified_gmt":"2020-12-10T09:48:23","slug":"eolas-culra","status":"publish","type":"page","link":"https:\/\/countydonegalfrs.ie\/glentiesfrs\/index.php\/eolas-culra\/","title":{"rendered":"Eolas C\u00falra"},"content":{"rendered":"\t\t<div data-elementor-type=\"wp-page\" data-elementor-id=\"12554\" class=\"elementor elementor-12554\" data-elementor-settings=\"[]\">\n\t\t\t\t\t\t<div class=\"elementor-inner\">\n\t\t\t\t\t\t\t<div class=\"elementor-section-wrap\">\n\t\t\t\t\t\t\t<section class=\"elementor-section elementor-top-section elementor-element elementor-element-313b3b4 elementor-section-boxed elementor-section-height-default elementor-section-height-default\" data-id=\"313b3b4\" data-element_type=\"section\">\n\t\t\t\t\t\t<div class=\"elementor-container elementor-column-gap-default\">\n\t\t\t\t\t\t\t<div class=\"elementor-row\">\n\t\t\t\t\t<div class=\"elementor-column elementor-col-100 elementor-top-column elementor-element elementor-element-f9fb2fd\" data-id=\"f9fb2fd\" data-element_type=\"column\">\n\t\t\t<div class=\"elementor-column-wrap elementor-element-populated\">\n\t\t\t\t\t\t\t<div class=\"elementor-widget-wrap\">\n\t\t\t\t\t\t<div class=\"elementor-element elementor-element-ceca360 elementor-widget elementor-widget-text-editor\" data-id=\"ceca360\" data-element_type=\"widget\" data-widget_type=\"text-editor.default\">\n\t\t\t\t<div class=\"elementor-widget-container\">\n\t\t\t\t\t<div class=\"elementor-text-editor elementor-clearfix\"><p data-wahfont=\"14\">In 2012, chun d\u00e9ile\u00e1il le fadhbanna tuilte go n\u00e1isi\u00fanta, choimisi\u00fanaigh an OPW, agus thug s\u00ed chun cr\u00edche \u00a0staid\u00e9ir bainist\u00edochta Riosca i gC\u00e1s Tuilte Dobharcheantair (CFRAM) a chl\u00fada\u00edonn an t\u00edr ar fad agus a dh\u00e9anamm athbhreithni\u00fa ar 300 su\u00edomh ina bhfuil baol \u00f3 thuilte. D\u2019aithin toradh amh\u00e1in sna staid\u00e9ir seo go bhfuil 119 su\u00edomh i mbaol \u00f3 thuilte, Na Gleannta san \u00e1ireamh, agus conas a th\u00e9ann na tuilte i bhfeidhm ar an gceantar. D\u2019ullmhaigh an Staid\u00e9ar freisin Pleananna Bainist\u00edochta Riosca i gC\u00e1s Tuilte, a leagann amach na bearta agus na polasaithe at\u00e1 riachtanach chun an bhainist\u00edocht ar bhaol \u00f3 thuilte is inbhuainaithe agus is \u00e9ifeacht\u00fala \u00f3 thaobh costas de a bhaint amach.<\/p><p data-wahfont=\"14\">Tar \u00e9is tortha\u00ed an Staid\u00e9ir CFRAM a sheoladh, mar chuid de Phlean Forbartha N\u00e1isi\u00fanta an Rialtais 2018-2027, t\u00e1 beagnach \u20ac1 billi\u00fan geallta le haghaidh bearta faoisimh tuilte a fhorbairt ar fud na t\u00edre.<\/p><p data-wahfont=\"14\">Tar \u00e9is an gealltanas seo a dh\u00e9anamh, buna\u00edodh Gr\u00fapa Sti\u00fartha idir Oifig na nOibreacha Poibl\u00ed agus Comhairle Contae Dh\u00fan na nGall chun sc\u00e9im faoisimh tuilte a chur chun cinn, rud a mhaol\u00f3idh an baol \u00f3 thuilte do mhuintear Na Gleannta. Ceapadh RPS mar Shainchomhairleoir\u00ed Innealt\u00f3ireacha agus Timpeallachta chun sc\u00e9im faoisimh tuilte a fhorbairt a bheidh inghlactha go teicni\u00fail, go s\u00f3isialta, go heacnama\u00edoch agus inghlactha \u00f3 thaobh na timpeallachta de.\u00a0<\/p><p data-wahfont=\"14\"><strong>Clice\u00e1il\u00a0<\/strong><strong><a href=\"http:\/\/www.floodinfo.ie\/publications\/?t=22&amp;a=660\" data-wahfont=\"14\">anseo<\/a><\/strong><strong>\u00a0chun a fheice\u00e1il conas a rinneadh meas\u00fan\u00fa ar an bpobal seo.<\/strong><br \/>(D\u00e9anfar t\u00fa a atreor\u00fa go dt\u00ed su\u00edomh gr\u00e9as\u00e1in Floodinfo.ie)<\/p><\/div>\n\t\t\t\t<\/div>\n\t\t\t\t<\/div>\n\t\t\t\t\t\t<\/div>\n\t\t\t\t\t<\/div>\n\t\t<\/div>\n\t\t\t\t\t\t\t\t<\/div>\n\t\t\t\t\t<\/div>\n\t\t<\/section>\n\t\t\t\t\t\t<\/div>\n\t\t\t\t\t\t<\/div>\n\t\t\t\t\t<\/div>\n\t\t","protected":false},"excerpt":{"rendered":"<p>In 2012, chun d\u00e9ile\u00e1il le fadhbanna tuilte go n\u00e1isi\u00fanta, choimisi\u00fanaigh an OPW, agus thug s\u00ed chun cr\u00edche \u00a0staid\u00e9ir bainist\u00edochta Riosca i gC\u00e1s Tuilte Dobharcheantair (CFRAM) a chl\u00fada\u00edonn an t\u00edr ar fad agus a dh\u00e9anamm athbhreithni\u00fa ar 300 su\u00edomh ina bhfuil baol \u00f3 thuilte. D\u2019aithin toradh amh\u00e1in sna staid\u00e9ir seo go bhfuil 119 su\u00edomh i mbaol&#8230;<\/p>\n","protected":false},"author":6,"featured_media":0,"parent":0,"menu_order":0,"comment_status":"closed","ping_status":"closed","template":"","meta":[],"_links":{"self":[{"href":"https:\/\/countydonegalfrs.ie\/glentiesfrs\/index.php\/wp-json\/wp\/v2\/pages\/12554"}],"collection":[{"href":"https:\/\/countydonegalfrs.ie\/glentiesfrs\/index.php\/wp-json\/wp\/v2\/pages"}],"about":[{"href":"https:\/\/countydonegalfrs.ie\/glentiesfrs\/index.php\/wp-json\/wp\/v2\/types\/page"}],"author":[{"embeddable":true,"href":"https:\/\/countydonegalfrs.ie\/glentiesfrs\/index.php\/wp-json\/wp\/v2\/users\/6"}],"replies":[{"embeddable":true,"href":"https:\/\/countydonegalfrs.ie\/glentiesfrs\/index.php\/wp-json\/wp\/v2\/comments?post=12554"}],"version-history":[{"count":4,"href":"https:\/\/countydonegalfrs.ie\/glentiesfrs\/index.php\/wp-json\/wp\/v2\/pages\/12554\/revisions"}],"predecessor-version":[{"id":12609,"href":"https:\/\/countydonegalfrs.ie\/glentiesfrs\/index.php\/wp-json\/wp\/v2\/pages\/12554\/revisions\/12609"}],"wp:attachment":[{"href":"https:\/\/countydonegalfrs.ie\/glentiesfrs\/index.php\/wp-json\/wp\/v2\/media?parent=12554"}],"curies":[{"name":"wp","href":"https:\/\/api.w.org\/{rel}","templated":true}]}}