{"id":12558,"date":"2020-12-04T15:30:42","date_gmt":"2020-12-04T15:30:42","guid":{"rendered":"https:\/\/countydonegalfrs.ie\/glentiesfrs\/?page_id=12558"},"modified":"2020-12-04T15:31:19","modified_gmt":"2020-12-04T15:31:19","slug":"measunacht-timpeallachta","status":"publish","type":"page","link":"https:\/\/countydonegalfrs.ie\/glentiesfrs\/index.php\/measunacht-timpeallachta\/","title":{"rendered":"Meas\u00fanacht Timpeallachta"},"content":{"rendered":"\t\t<div data-elementor-type=\"wp-page\" data-elementor-id=\"12558\" class=\"elementor elementor-12558\" data-elementor-settings=\"[]\">\n\t\t\t\t\t\t<div class=\"elementor-inner\">\n\t\t\t\t\t\t\t<div class=\"elementor-section-wrap\">\n\t\t\t\t\t\t\t<section class=\"elementor-section elementor-top-section elementor-element elementor-element-d31e1f4 elementor-section-boxed elementor-section-height-default elementor-section-height-default\" data-id=\"d31e1f4\" data-element_type=\"section\">\n\t\t\t\t\t\t<div class=\"elementor-container elementor-column-gap-default\">\n\t\t\t\t\t\t\t<div class=\"elementor-row\">\n\t\t\t\t\t<div class=\"elementor-column elementor-col-100 elementor-top-column elementor-element elementor-element-6a0f907\" data-id=\"6a0f907\" data-element_type=\"column\">\n\t\t\t<div class=\"elementor-column-wrap elementor-element-populated\">\n\t\t\t\t\t\t\t<div class=\"elementor-widget-wrap\">\n\t\t\t\t\t\t<div class=\"elementor-element elementor-element-2dde452 elementor-widget elementor-widget-text-editor\" data-id=\"2dde452\" data-element_type=\"widget\" data-widget_type=\"text-editor.default\">\n\t\t\t\t<div class=\"elementor-widget-container\">\n\t\t\t\t\t<div class=\"elementor-text-editor elementor-clearfix\"><p>T\u00e1 Staid\u00e9ar Srianta ar bun faoi l\u00e1thair ag RPS. Mar chuid den Staid\u00e9ar Srianta, rinneadh r\u00e9amhshuirbh\u00e9anna i Me\u00e1n F\u00f3mhair 2020 chun gn\u00e9ithe suimi\u00fala a aithint \u00f3 thaobh na timpeallachta de, agus go h\u00e1irithe, chun bonn eolais a chur faoi mbunl\u00edne \u00e9iceola\u00edoch de cheantar an staid\u00e9ir. Sa ch\u00e9ad r\u00e9amhshuirbh\u00e9 ag an gc\u00e9im luath seo, \u00e1ir\u00edtear na srianta timpeallachta suntasacha a d\u2019fh\u00e9adfadh cur isteach ar dhearadh an tionscadail agus chun sc\u00f3ip sainsuirbh\u00e9anna sa todcha\u00ed a mheas. Dh\u00edrigh an r\u00e9amhsuirbh\u00e9 go h\u00e1irithe ar ghn\u00e1th\u00f3ga agus speicis cosanta, lena n-\u00e1ir\u00edtear gn\u00e1th\u00f3ga\/speicis liostaithe in iarscr\u00edbhinn I,II agus IV den Treoir on AE maidir le Gn\u00e1th\u00f3ga, speicis cosanta faoin Acht um Fhiadh\u00falra agus flora neamhchoitanta liostaithe san Ord\u00fa um Flora (Cosaint). Rinneadh scr\u00fad\u00fa freisin sa suirbh\u00e9 ar speicis planda\u00ed agus ainmhithe ionracha mar aon le gn\u00e1th\u00f3ga leathn\u00e1d\u00fartha a bhfuil luach caomhnaithe acu.<\/p><\/div>\n\t\t\t\t<\/div>\n\t\t\t\t<\/div>\n\t\t\t\t\t\t<\/div>\n\t\t\t\t\t<\/div>\n\t\t<\/div>\n\t\t\t\t\t\t\t\t<\/div>\n\t\t\t\t\t<\/div>\n\t\t<\/section>\n\t\t\t\t\t\t<\/div>\n\t\t\t\t\t\t<\/div>\n\t\t\t\t\t<\/div>\n\t\t","protected":false},"excerpt":{"rendered":"<p>T\u00e1 Staid\u00e9ar Srianta ar bun faoi l\u00e1thair ag RPS. Mar chuid den Staid\u00e9ar Srianta, rinneadh r\u00e9amhshuirbh\u00e9anna i Me\u00e1n F\u00f3mhair 2020 chun gn\u00e9ithe suimi\u00fala a aithint \u00f3 thaobh na timpeallachta de, agus go h\u00e1irithe, chun bonn eolais a chur faoi mbunl\u00edne \u00e9iceola\u00edoch de cheantar an staid\u00e9ir. Sa ch\u00e9ad r\u00e9amhshuirbh\u00e9 ag an gc\u00e9im luath seo, \u00e1ir\u00edtear na&#8230;<\/p>\n","protected":false},"author":6,"featured_media":0,"parent":0,"menu_order":0,"comment_status":"closed","ping_status":"closed","template":"","meta":[],"_links":{"self":[{"href":"https:\/\/countydonegalfrs.ie\/glentiesfrs\/index.php\/wp-json\/wp\/v2\/pages\/12558"}],"collection":[{"href":"https:\/\/countydonegalfrs.ie\/glentiesfrs\/index.php\/wp-json\/wp\/v2\/pages"}],"about":[{"href":"https:\/\/countydonegalfrs.ie\/glentiesfrs\/index.php\/wp-json\/wp\/v2\/types\/page"}],"author":[{"embeddable":true,"href":"https:\/\/countydonegalfrs.ie\/glentiesfrs\/index.php\/wp-json\/wp\/v2\/users\/6"}],"replies":[{"embeddable":true,"href":"https:\/\/countydonegalfrs.ie\/glentiesfrs\/index.php\/wp-json\/wp\/v2\/comments?post=12558"}],"version-history":[{"count":2,"href":"https:\/\/countydonegalfrs.ie\/glentiesfrs\/index.php\/wp-json\/wp\/v2\/pages\/12558\/revisions"}],"predecessor-version":[{"id":12560,"href":"https:\/\/countydonegalfrs.ie\/glentiesfrs\/index.php\/wp-json\/wp\/v2\/pages\/12558\/revisions\/12560"}],"wp:attachment":[{"href":"https:\/\/countydonegalfrs.ie\/glentiesfrs\/index.php\/wp-json\/wp\/v2\/media?parent=12558"}],"curies":[{"name":"wp","href":"https:\/\/api.w.org\/{rel}","templated":true}]}}