{"id":12570,"date":"2020-12-04T15:35:26","date_gmt":"2020-12-04T15:35:26","guid":{"rendered":"https:\/\/countydonegalfrs.ie\/glentiesfrs\/?page_id=12570"},"modified":"2020-12-10T09:50:47","modified_gmt":"2020-12-10T09:50:47","slug":"dean-teagmhail-linn","status":"publish","type":"page","link":"https:\/\/countydonegalfrs.ie\/glentiesfrs\/index.php\/dean-teagmhail-linn\/","title":{"rendered":"D\u00e9an Teagmh\u00e1il Linn"},"content":{"rendered":"\t\t<div data-elementor-type=\"wp-page\" data-elementor-id=\"12570\" class=\"elementor elementor-12570\" data-elementor-settings=\"[]\">\n\t\t\t\t\t\t<div class=\"elementor-inner\">\n\t\t\t\t\t\t\t<div class=\"elementor-section-wrap\">\n\t\t\t\t\t\t\t<section class=\"elementor-section elementor-top-section elementor-element elementor-element-767ab8e elementor-section-boxed elementor-section-height-default elementor-section-height-default\" data-id=\"767ab8e\" data-element_type=\"section\">\n\t\t\t\t\t\t<div class=\"elementor-container elementor-column-gap-default\">\n\t\t\t\t\t\t\t<div class=\"elementor-row\">\n\t\t\t\t\t<div class=\"elementor-column elementor-col-100 elementor-top-column elementor-element elementor-element-fd5b522\" data-id=\"fd5b522\" data-element_type=\"column\">\n\t\t\t<div class=\"elementor-column-wrap elementor-element-populated\">\n\t\t\t\t\t\t\t<div class=\"elementor-widget-wrap\">\n\t\t\t\t\t\t<div class=\"elementor-element elementor-element-99a9d02 elementor-widget elementor-widget-image\" data-id=\"99a9d02\" data-element_type=\"widget\" data-widget_type=\"image.default\">\n\t\t\t\t<div class=\"elementor-widget-container\">\n\t\t\t\t\t<div class=\"elementor-image\">\n\t\t\t\t\t\t\t\t\t\t<img width=\"1024\" height=\"350\" src=\"https:\/\/countydonegalfrs.ie\/glentiesfrs\/wp-content\/uploads\/2020\/09\/Glenties_Risk_COCO-1024x350.jpg\" class=\"attachment-large size-large\" alt=\"\" loading=\"lazy\" srcset=\"https:\/\/countydonegalfrs.ie\/glentiesfrs\/wp-content\/uploads\/2020\/09\/Glenties_Risk_COCO-1024x350.jpg 1024w, https:\/\/countydonegalfrs.ie\/glentiesfrs\/wp-content\/uploads\/2020\/09\/Glenties_Risk_COCO-300x102.jpg 300w, https:\/\/countydonegalfrs.ie\/glentiesfrs\/wp-content\/uploads\/2020\/09\/Glenties_Risk_COCO-768x262.jpg 768w, https:\/\/countydonegalfrs.ie\/glentiesfrs\/wp-content\/uploads\/2020\/09\/Glenties_Risk_COCO-768x262@2x.jpg 1536w, https:\/\/countydonegalfrs.ie\/glentiesfrs\/wp-content\/uploads\/2020\/09\/Glenties_Risk_COCO-400x137@2x.jpg 800w, https:\/\/countydonegalfrs.ie\/glentiesfrs\/wp-content\/uploads\/2020\/09\/Glenties_Risk_COCO-1260x430.jpg 1260w, https:\/\/countydonegalfrs.ie\/glentiesfrs\/wp-content\/uploads\/2020\/09\/Glenties_Risk_COCO-615x210.jpg 615w, https:\/\/countydonegalfrs.ie\/glentiesfrs\/wp-content\/uploads\/2020\/09\/Glenties_Risk_COCO-400x137.jpg 400w, https:\/\/countydonegalfrs.ie\/glentiesfrs\/wp-content\/uploads\/2020\/09\/Glenties_Risk_COCO-292x100.jpg 292w, https:\/\/countydonegalfrs.ie\/glentiesfrs\/wp-content\/uploads\/2020\/09\/Glenties_Risk_COCO-1024x350@2x.jpg 2048w, https:\/\/countydonegalfrs.ie\/glentiesfrs\/wp-content\/uploads\/2020\/09\/Glenties_Risk_COCO-300x102@2x.jpg 600w, https:\/\/countydonegalfrs.ie\/glentiesfrs\/wp-content\/uploads\/2020\/09\/Glenties_Risk_COCO-800x273@2x.jpg 1600w, https:\/\/countydonegalfrs.ie\/glentiesfrs\/wp-content\/uploads\/2020\/09\/Glenties_Risk_COCO-615x210@2x.jpg 1230w, https:\/\/countydonegalfrs.ie\/glentiesfrs\/wp-content\/uploads\/2020\/09\/Glenties_Risk_COCO-292x100@2x.jpg 584w\" sizes=\"(max-width: 1024px) 100vw, 1024px\" \/>\t\t\t\t\t\t\t\t\t\t\t<\/div>\n\t\t\t\t<\/div>\n\t\t\t\t<\/div>\n\t\t\t\t<div class=\"elementor-element elementor-element-5f0e8a7 elementor-widget elementor-widget-text-editor\" data-id=\"5f0e8a7\" data-element_type=\"widget\" data-widget_type=\"text-editor.default\">\n\t\t\t\t<div class=\"elementor-widget-container\">\n\t\t\t\t\t<div class=\"elementor-text-editor elementor-clearfix\"><h5 data-wahfont=\"13\"><strong>R\u00edomhphost<\/strong><\/h5><p data-wahfont=\"14\">M\u00e1 t\u00e1 ceisteanna, ceistneoir\u00ed n\u00f3 bar\u00falacha maidir leis an tionscadal seo, cuir r\u00edomhphost le do thoil chuig an bhfoireann tionscadail ag glentiesfrs@rpsgroup.com<\/p><h5 data-wahfont=\"13\">Scr\u00edobh<\/h5><p data-wahfont=\"14\">Is f\u00e9idir scr\u00edobh chuig an bhfoireann tionscadail ag:<\/p><p data-wahfont=\"14\">Glenties Flood Relief Scheme Project Team<\/p><p data-wahfont=\"14\">RPS,<\/p><p data-wahfont=\"14\">The Enterprise Fund Business Centre<\/p><p data-wahfont=\"14\">Ballyraine<\/p><p data-wahfont=\"14\">Letterkenny<\/p><p data-wahfont=\"14\">Co.Donegal<\/p><p data-wahfont=\"14\">F92 AF43<\/p><\/div>\n\t\t\t\t<\/div>\n\t\t\t\t<\/div>\n\t\t\t\t\t\t<\/div>\n\t\t\t\t\t<\/div>\n\t\t<\/div>\n\t\t\t\t\t\t\t\t<\/div>\n\t\t\t\t\t<\/div>\n\t\t<\/section>\n\t\t\t\t\t\t<\/div>\n\t\t\t\t\t\t<\/div>\n\t\t\t\t\t<\/div>\n\t\t","protected":false},"excerpt":{"rendered":"<p>R\u00edomhphost M\u00e1 t\u00e1 ceisteanna, ceistneoir\u00ed n\u00f3 bar\u00falacha maidir leis an tionscadal seo, cuir r\u00edomhphost le do thoil chuig an bhfoireann tionscadail ag glentiesfrs@rpsgroup.com Scr\u00edobh Is f\u00e9idir scr\u00edobh chuig an bhfoireann tionscadail ag: Glenties Flood Relief Scheme Project Team RPS, The Enterprise Fund Business Centre Ballyraine Letterkenny Co.Donegal F92 AF43<\/p>\n","protected":false},"author":6,"featured_media":0,"parent":0,"menu_order":0,"comment_status":"closed","ping_status":"closed","template":"","meta":[],"_links":{"self":[{"href":"https:\/\/countydonegalfrs.ie\/glentiesfrs\/index.php\/wp-json\/wp\/v2\/pages\/12570"}],"collection":[{"href":"https:\/\/countydonegalfrs.ie\/glentiesfrs\/index.php\/wp-json\/wp\/v2\/pages"}],"about":[{"href":"https:\/\/countydonegalfrs.ie\/glentiesfrs\/index.php\/wp-json\/wp\/v2\/types\/page"}],"author":[{"embeddable":true,"href":"https:\/\/countydonegalfrs.ie\/glentiesfrs\/index.php\/wp-json\/wp\/v2\/users\/6"}],"replies":[{"embeddable":true,"href":"https:\/\/countydonegalfrs.ie\/glentiesfrs\/index.php\/wp-json\/wp\/v2\/comments?post=12570"}],"version-history":[{"count":4,"href":"https:\/\/countydonegalfrs.ie\/glentiesfrs\/index.php\/wp-json\/wp\/v2\/pages\/12570\/revisions"}],"predecessor-version":[{"id":12613,"href":"https:\/\/countydonegalfrs.ie\/glentiesfrs\/index.php\/wp-json\/wp\/v2\/pages\/12570\/revisions\/12613"}],"wp:attachment":[{"href":"https:\/\/countydonegalfrs.ie\/glentiesfrs\/index.php\/wp-json\/wp\/v2\/media?parent=12570"}],"curies":[{"name":"wp","href":"https:\/\/api.w.org\/{rel}","templated":true}]}}