{"id":12521,"date":"2020-11-20T11:42:33","date_gmt":"2020-11-20T11:42:33","guid":{"rendered":"https:\/\/countydonegalfrs.ie\/?page_id=12521"},"modified":"2020-11-20T11:51:20","modified_gmt":"2020-11-20T11:51:20","slug":"elementor-12521","status":"publish","type":"page","link":"https:\/\/countydonegalfrs.ie\/index.php\/elementor-12521\/","title":{"rendered":"FRS Websites"},"content":{"rendered":"\t\t<div data-elementor-type=\"wp-page\" data-elementor-id=\"12521\" class=\"elementor elementor-12521\" data-elementor-settings=\"[]\">\n\t\t\t\t\t\t<div class=\"elementor-inner\">\n\t\t\t\t\t\t\t<div class=\"elementor-section-wrap\">\n\t\t\t\t\t\t\t<section class=\"elementor-section elementor-top-section elementor-element elementor-element-8946a18 elementor-section-boxed elementor-section-height-default elementor-section-height-default\" data-id=\"8946a18\" data-element_type=\"section\">\n\t\t\t\t\t\t<div class=\"elementor-container elementor-column-gap-default\">\n\t\t\t\t\t\t\t<div class=\"elementor-row\">\n\t\t\t\t\t<div class=\"elementor-column elementor-col-100 elementor-top-column elementor-element elementor-element-21e00e2\" data-id=\"21e00e2\" data-element_type=\"column\">\n\t\t\t<div class=\"elementor-column-wrap elementor-element-populated\">\n\t\t\t\t\t\t\t<div class=\"elementor-widget-wrap\">\n\t\t\t\t\t\t<div class=\"elementor-element elementor-element-03007f6 elementor-widget elementor-widget-text-editor\" data-id=\"03007f6\" data-element_type=\"widget\" data-widget_type=\"text-editor.default\">\n\t\t\t\t<div class=\"elementor-widget-container\">\n\t\t\t\t\t<div class=\"elementor-text-editor elementor-clearfix\"><p><!-- wp:heading {\"align\":\"center\"} --><\/p><h2><strong>Su\u00edomh Gr\u00e9as\u00e1in do Thionscadal na Sc\u00e9imeanna Faoisimh Tuilte<\/strong><\/h2><p>I mBealtaine 2018, sheol an tAire St\u00e1it d\u2019Oifig na nOibreacha Poibl\u00ed ag an Roinn Caiteachais Phoibl\u00ed agus Athch\u00f3irithe, 29 Plean\u00a0 Bainist\u00edochta Riosca i gC\u00e1s Tuilte d\u2019\u00c9irinn. Sna Pleananna aithn\u00edodh 118 tionscadal faoisimh tuilte san ioml\u00e1n ar dt\u00fas chun cosaint a thabhairt do na ceantar is m\u00f3 at\u00e1 i mbaol \u00f3 thuilte ar fud na t\u00edre. M\u00e9ada\u00edodh an uimhir go dt\u00ed 119 nuair a cuireadh isteach an tionscadal Bun na hAbhann tar \u00e9is athbhreithni\u00fa a dh\u00e9anamh ar chostas i ndiaidh na dtuilte in 2017.<\/p><p>Is cuid l\u00e1rnach iad na Pleananna agus na tionscadail seo den strait\u00e9is bainist\u00edochta riosca i gc\u00e1s tuilte san ioml\u00e1n mar at\u00e1 leagtha amach sa Phlean Forbartha N\u00e1isi\u00fanta 2017 \u2013 2028, ina nd\u00e9anfar infheist\u00edocht de beagnach \u20ac1 billi\u00fan thar amfr\u00e1ma deich mbliana. \u00a0\u00d3s rud \u00e9 nach f\u00e9idir na 119 tionscadal go l\u00e9ir a chur i bfheidhm ag an am c\u00e9anna, tugadh t\u00fas \u00e1ite do 57 tionscadal don ch\u00e9ad sciar den infheist\u00edocht.<\/p><p>T\u00e1 tuilleadh eolais ar na Pleananna Bainist\u00edochta Riosca i gC\u00e1s Tuilte le f\u00e1il ar an su\u00edomh gr\u00e9as\u00e1in n\u00e1isi\u00fanta:<\/p><p><a href=\"http:\/\/www.floodinfo.ie\/\"><img loading=\"lazy\" class=\"aligncenter wp-image-12430 size-full\" src=\"https:\/\/countydonegalfrs.ie\/wp-content\/uploads\/2020\/10\/floodinfo-logo.jpg\" alt=\"\" width=\"230\" height=\"31\" \/><\/a><\/p><p>In Ean\u00e1ir 2019, bhunaigh Comhairle Contae Dh\u00fan na nGall (DCC) agus Oifig na nOibreacha Poibl\u00ed (OPW) an Gr\u00fapa Sti\u00fartha Sc\u00e9imeanna Faoisimh Tuilte Dh\u00fan na nGall chun maoirseacht a dh\u00e9anamh ar chur i bhfeidhm na sc\u00e9imeanna faoisimh tuilte do Dh\u00fan na nGall a thiocfaidh as an bPlean Bainist\u00edochta Riosca i gC\u00e1s Tuilte. Sa Ghr\u00fapa Sti\u00fartha t\u00e1 oifigigh \u00f3 Chomhairle Contae Dh\u00fan na nGall agus \u00f3 Oifig na nOibreacha Poibl\u00ed.<\/p><p>T\u00e1 freagracht ag an nGr\u00fapa Sti\u00fartha maoirseacht a dh\u00e9anamh ar an gc\u00e9ad sciar de s\u00e9 sc\u00e9im faoisimh tuilte a scaoileadh in Ean\u00e1ir 2019. Is iad seo Bun na hAbhann, Caisle\u00e1n na Finne, Na Gleannta, Na D\u00fanaibh agus an Cheathr\u00fa Chaol (faoi bhainist\u00edocht Chomhairle Contae Dh\u00fan na nGall) agus Leifear (faoi bhainist\u00edocht Oifige na nOibreacha Poibl\u00ed).\u00a0Scaoileadh tr\u00ed sc\u00e9im faoisimh tuilte eile i Samhain 2019 at\u00e1 faoi mhaoirseacht an Ghr\u00fapa Sti\u00fartha. Is iad seo Bealach F\u00e9ich &#8211; Srath an Url\u00e1ir, Bun Cranncha -Luddan agus R\u00e1th Mealtain, at\u00e1 faoi bhainist\u00edocht freisin ag Comhairle Contae Dh\u00fan na nGall.<\/p><p>T\u00e1 sc\u00e9im faoisimh tuilte do R\u00e1th Bhoth \u00e1 bpr\u00f3ise\u00e1il ag OPW agus tosa\u00edodh uirthi sular foils\u00edodh na Pleananna Bainist\u00edochta Riosca i gC\u00e1s Tuilte.<\/p><p>T\u00e1 na su\u00edomhanna ina bhfuil sc\u00e9imeanna \u00e1 bpr\u00f3is\u00e9ail faoi l\u00e1thair i gContae Dh\u00fan na nGall le feice\u00e1il th\u00edos agus is f\u00e9idir eolas maidir le sc\u00e9imeanna aonair a fh\u00e1il tr\u00ed chlice\u00e1il ar an nasc \u00e1bhartha.<\/p><p>De r\u00e9ir mar a sheoltar tuilleadh Su\u00edomhanna Gr\u00e9as\u00e1in do Thionscadal Sc\u00e9imeanna Faoisimh Tuilte, beidh rochtain orthu anseo.<\/p><p>Is acmhainn l\u00e1rnach \u00e9 an su\u00edomh gr\u00e9as\u00e1in seo don phobal, agus cuireann s\u00e9 eolas agus uasd\u00e1t\u00fa ar f\u00e1il ar gach Sc\u00e9im Faoisimh Tuilte i gContae Dh\u00fan na nGall.<\/p><p><!-- \/wp:paragraph --><\/p><p><!-- wp:spacer {\"height\":20} --><\/p><p><!-- \/wp:spacer --><\/p><p><!-- wp:heading {\"level\":3} --><\/p><figure><\/figure><p><!-- \/wp:image --><\/p><\/div>\n\t\t\t\t<\/div>\n\t\t\t\t<\/div>\n\t\t\t\t\t\t<\/div>\n\t\t\t\t\t<\/div>\n\t\t<\/div>\n\t\t\t\t\t\t\t\t<\/div>\n\t\t\t\t\t<\/div>\n\t\t<\/section>\n\t\t\t\t<section class=\"elementor-section elementor-top-section elementor-element elementor-element-13fd6e3 elementor-section-boxed elementor-section-height-default elementor-section-height-default\" data-id=\"13fd6e3\" data-element_type=\"section\">\n\t\t\t\t\t\t<div class=\"elementor-container elementor-column-gap-default\">\n\t\t\t\t\t\t\t<div class=\"elementor-row\">\n\t\t\t\t\t<div class=\"elementor-column elementor-col-25 elementor-top-column elementor-element elementor-element-c0d72e2\" data-id=\"c0d72e2\" data-element_type=\"column\">\n\t\t\t<div class=\"elementor-column-wrap elementor-element-populated\">\n\t\t\t\t\t\t\t<div class=\"elementor-widget-wrap\">\n\t\t\t\t\t\t<div class=\"elementor-element elementor-element-cdb9123 elementor-widget elementor-widget-image\" data-id=\"cdb9123\" data-element_type=\"widget\" data-widget_type=\"image.default\">\n\t\t\t\t<div class=\"elementor-widget-container\">\n\t\t\t\t\t<div class=\"elementor-image\">\n\t\t\t\t\t\t\t\t\t\t\t<a href=\"https:\/\/countydonegalfrs.ie\/burnfootfrs\/\">\n\t\t\t\t\t\t\t<img width=\"292\" height=\"225\" src=\"https:\/\/countydonegalfrs.ie\/wp-content\/uploads\/2020\/11\/Burnfoot-FRS-400X307-292x225.jpg\" class=\"attachment-theme-loop-4 size-theme-loop-4\" alt=\"\" loading=\"lazy\" srcset=\"https:\/\/countydonegalfrs.ie\/wp-content\/uploads\/2020\/11\/Burnfoot-FRS-400X307-292x225.jpg 292w, https:\/\/countydonegalfrs.ie\/wp-content\/uploads\/2020\/11\/Burnfoot-FRS-400X307-300x230.jpg 300w, https:\/\/countydonegalfrs.ie\/wp-content\/uploads\/2020\/11\/Burnfoot-FRS-400X307.jpg 400w\" sizes=\"(max-width: 292px) 100vw, 292px\" \/>\t\t\t\t\t\t\t\t<\/a>\n\t\t\t\t\t\t\t\t\t\t\t<\/div>\n\t\t\t\t<\/div>\n\t\t\t\t<\/div>\n\t\t\t\t\t\t<\/div>\n\t\t\t\t\t<\/div>\n\t\t<\/div>\n\t\t\t\t<div class=\"elementor-column elementor-col-25 elementor-top-column elementor-element elementor-element-1a4d5e2\" data-id=\"1a4d5e2\" data-element_type=\"column\">\n\t\t\t<div class=\"elementor-column-wrap elementor-element-populated\">\n\t\t\t\t\t\t\t<div class=\"elementor-widget-wrap\">\n\t\t\t\t\t\t<div class=\"elementor-element elementor-element-a324a8e elementor-widget elementor-widget-image\" data-id=\"a324a8e\" data-element_type=\"widget\" data-widget_type=\"image.default\">\n\t\t\t\t<div class=\"elementor-widget-container\">\n\t\t\t\t\t<div class=\"elementor-image\">\n\t\t\t\t\t\t\t\t\t\t\t<a href=\"https:\/\/countydonegalfrs.ie\/castlefinnfrs\/\">\n\t\t\t\t\t\t\t<img width=\"292\" height=\"225\" src=\"https:\/\/countydonegalfrs.ie\/wp-content\/uploads\/2020\/11\/Castlefinn-FRS-400X307-292x225.jpg\" class=\"attachment-theme-loop-4 size-theme-loop-4\" alt=\"\" loading=\"lazy\" srcset=\"https:\/\/countydonegalfrs.ie\/wp-content\/uploads\/2020\/11\/Castlefinn-FRS-400X307-292x225.jpg 292w, https:\/\/countydonegalfrs.ie\/wp-content\/uploads\/2020\/11\/Castlefinn-FRS-400X307-300x230.jpg 300w, https:\/\/countydonegalfrs.ie\/wp-content\/uploads\/2020\/11\/Castlefinn-FRS-400X307.jpg 400w\" sizes=\"(max-width: 292px) 100vw, 292px\" \/>\t\t\t\t\t\t\t\t<\/a>\n\t\t\t\t\t\t\t\t\t\t\t<\/div>\n\t\t\t\t<\/div>\n\t\t\t\t<\/div>\n\t\t\t\t\t\t<\/div>\n\t\t\t\t\t<\/div>\n\t\t<\/div>\n\t\t\t\t<div class=\"elementor-column elementor-col-25 elementor-top-column elementor-element elementor-element-bc03c20\" data-id=\"bc03c20\" data-element_type=\"column\">\n\t\t\t<div class=\"elementor-column-wrap elementor-element-populated\">\n\t\t\t\t\t\t\t<div class=\"elementor-widget-wrap\">\n\t\t\t\t\t\t<div class=\"elementor-element elementor-element-c32cedb elementor-widget elementor-widget-image\" data-id=\"c32cedb\" data-element_type=\"widget\" data-widget_type=\"image.default\">\n\t\t\t\t<div class=\"elementor-widget-container\">\n\t\t\t\t\t<div class=\"elementor-image\">\n\t\t\t\t\t\t\t\t\t\t\t<a href=\"https:\/\/countydonegalfrs.ie\/downingsfrs\/\">\n\t\t\t\t\t\t\t<img width=\"292\" height=\"225\" src=\"https:\/\/countydonegalfrs.ie\/wp-content\/uploads\/2020\/11\/Downings-FRS-400X307-292x225.jpg\" class=\"attachment-theme-loop-4 size-theme-loop-4\" alt=\"\" loading=\"lazy\" srcset=\"https:\/\/countydonegalfrs.ie\/wp-content\/uploads\/2020\/11\/Downings-FRS-400X307-292x225.jpg 292w, https:\/\/countydonegalfrs.ie\/wp-content\/uploads\/2020\/11\/Downings-FRS-400X307-300x230.jpg 300w, https:\/\/countydonegalfrs.ie\/wp-content\/uploads\/2020\/11\/Downings-FRS-400X307.jpg 400w\" sizes=\"(max-width: 292px) 100vw, 292px\" \/>\t\t\t\t\t\t\t\t<\/a>\n\t\t\t\t\t\t\t\t\t\t\t<\/div>\n\t\t\t\t<\/div>\n\t\t\t\t<\/div>\n\t\t\t\t\t\t<\/div>\n\t\t\t\t\t<\/div>\n\t\t<\/div>\n\t\t\t\t<div class=\"elementor-column elementor-col-25 elementor-top-column elementor-element elementor-element-450fe87\" data-id=\"450fe87\" data-element_type=\"column\">\n\t\t\t<div class=\"elementor-column-wrap elementor-element-populated\">\n\t\t\t\t\t\t\t<div class=\"elementor-widget-wrap\">\n\t\t\t\t\t\t<div class=\"elementor-element elementor-element-b2fb386 elementor-widget elementor-widget-image\" data-id=\"b2fb386\" data-element_type=\"widget\" data-widget_type=\"image.default\">\n\t\t\t\t<div class=\"elementor-widget-container\">\n\t\t\t\t\t<div class=\"elementor-image\">\n\t\t\t\t\t\t\t\t\t\t\t<a href=\"https:\/\/countydonegalfrs.ie\/glentiesfrs\/\">\n\t\t\t\t\t\t\t<img width=\"292\" height=\"225\" src=\"https:\/\/countydonegalfrs.ie\/wp-content\/uploads\/2020\/11\/Glenties-FRS-400X307-292x225.jpg\" class=\"attachment-theme-loop-4 size-theme-loop-4\" alt=\"\" loading=\"lazy\" srcset=\"https:\/\/countydonegalfrs.ie\/wp-content\/uploads\/2020\/11\/Glenties-FRS-400X307-292x225.jpg 292w, https:\/\/countydonegalfrs.ie\/wp-content\/uploads\/2020\/11\/Glenties-FRS-400X307-300x230.jpg 300w, https:\/\/countydonegalfrs.ie\/wp-content\/uploads\/2020\/11\/Glenties-FRS-400X307.jpg 400w\" sizes=\"(max-width: 292px) 100vw, 292px\" \/>\t\t\t\t\t\t\t\t<\/a>\n\t\t\t\t\t\t\t\t\t\t\t<\/div>\n\t\t\t\t<\/div>\n\t\t\t\t<\/div>\n\t\t\t\t\t\t<\/div>\n\t\t\t\t\t<\/div>\n\t\t<\/div>\n\t\t\t\t\t\t\t\t<\/div>\n\t\t\t\t\t<\/div>\n\t\t<\/section>\n\t\t\t\t<section class=\"elementor-section elementor-top-section elementor-element elementor-element-dc875b1 elementor-section-boxed elementor-section-height-default elementor-section-height-default\" data-id=\"dc875b1\" data-element_type=\"section\">\n\t\t\t\t\t\t<div class=\"elementor-container elementor-column-gap-default\">\n\t\t\t\t\t\t\t<div class=\"elementor-row\">\n\t\t\t\t\t<div class=\"elementor-column elementor-col-25 elementor-top-column elementor-element elementor-element-58058e4\" data-id=\"58058e4\" data-element_type=\"column\">\n\t\t\t<div class=\"elementor-column-wrap elementor-element-populated\">\n\t\t\t\t\t\t\t<div class=\"elementor-widget-wrap\">\n\t\t\t\t\t\t<div class=\"elementor-element elementor-element-eccab4d elementor-widget elementor-widget-image\" data-id=\"eccab4d\" data-element_type=\"widget\" data-widget_type=\"image.default\">\n\t\t\t\t<div class=\"elementor-widget-container\">\n\t\t\t\t\t<div class=\"elementor-image\">\n\t\t\t\t\t\t\t\t\t\t\t<a href=\"http:\/\/liffordfrs.ie\/\">\n\t\t\t\t\t\t\t<img width=\"292\" height=\"225\" src=\"https:\/\/countydonegalfrs.ie\/wp-content\/uploads\/2020\/11\/Lifford-FRS-400X075-292x225.jpg\" class=\"attachment-theme-loop-4 size-theme-loop-4\" alt=\"\" loading=\"lazy\" srcset=\"https:\/\/countydonegalfrs.ie\/wp-content\/uploads\/2020\/11\/Lifford-FRS-400X075-292x225.jpg 292w, https:\/\/countydonegalfrs.ie\/wp-content\/uploads\/2020\/11\/Lifford-FRS-400X075-300x230.jpg 300w, https:\/\/countydonegalfrs.ie\/wp-content\/uploads\/2020\/11\/Lifford-FRS-400X075.jpg 400w\" sizes=\"(max-width: 292px) 100vw, 292px\" \/>\t\t\t\t\t\t\t\t<\/a>\n\t\t\t\t\t\t\t\t\t\t\t<\/div>\n\t\t\t\t<\/div>\n\t\t\t\t<\/div>\n\t\t\t\t\t\t<\/div>\n\t\t\t\t\t<\/div>\n\t\t<\/div>\n\t\t\t\t<div class=\"elementor-column elementor-col-25 elementor-top-column elementor-element elementor-element-911fe84\" data-id=\"911fe84\" data-element_type=\"column\">\n\t\t\t<div class=\"elementor-column-wrap elementor-element-populated\">\n\t\t\t\t\t\t\t<div class=\"elementor-widget-wrap\">\n\t\t\t\t\t\t<div class=\"elementor-element elementor-element-c33f217 elementor-widget elementor-widget-image\" data-id=\"c33f217\" data-element_type=\"widget\" data-widget_type=\"image.default\">\n\t\t\t\t<div class=\"elementor-widget-container\">\n\t\t\t\t\t<div class=\"elementor-image\">\n\t\t\t\t\t\t\t\t\t\t\t<a href=\"http:\/\/raphoefrs.ie\/\">\n\t\t\t\t\t\t\t<img width=\"292\" height=\"225\" src=\"https:\/\/countydonegalfrs.ie\/wp-content\/uploads\/2020\/11\/Raphoe-FRS-400X307-292x225.jpg\" class=\"attachment-theme-loop-4 size-theme-loop-4\" alt=\"\" loading=\"lazy\" srcset=\"https:\/\/countydonegalfrs.ie\/wp-content\/uploads\/2020\/11\/Raphoe-FRS-400X307-292x225.jpg 292w, https:\/\/countydonegalfrs.ie\/wp-content\/uploads\/2020\/11\/Raphoe-FRS-400X307-300x230.jpg 300w, https:\/\/countydonegalfrs.ie\/wp-content\/uploads\/2020\/11\/Raphoe-FRS-400X307.jpg 400w\" sizes=\"(max-width: 292px) 100vw, 292px\" \/>\t\t\t\t\t\t\t\t<\/a>\n\t\t\t\t\t\t\t\t\t\t\t<\/div>\n\t\t\t\t<\/div>\n\t\t\t\t<\/div>\n\t\t\t\t\t\t<\/div>\n\t\t\t\t\t<\/div>\n\t\t<\/div>\n\t\t\t\t<div class=\"elementor-column elementor-col-25 elementor-top-column elementor-element elementor-element-46de8a2\" data-id=\"46de8a2\" data-element_type=\"column\">\n\t\t\t<div class=\"elementor-column-wrap\">\n\t\t\t\t\t\t\t<div class=\"elementor-widget-wrap\">\n\t\t\t\t\t\t\t\t<\/div>\n\t\t\t\t\t<\/div>\n\t\t<\/div>\n\t\t\t\t<div class=\"elementor-column elementor-col-25 elementor-top-column elementor-element elementor-element-db3c3cb\" data-id=\"db3c3cb\" data-element_type=\"column\">\n\t\t\t<div class=\"elementor-column-wrap\">\n\t\t\t\t\t\t\t<div class=\"elementor-widget-wrap\">\n\t\t\t\t\t\t\t\t<\/div>\n\t\t\t\t\t<\/div>\n\t\t<\/div>\n\t\t\t\t\t\t\t\t<\/div>\n\t\t\t\t\t<\/div>\n\t\t<\/section>\n\t\t\t\t\t\t<\/div>\n\t\t\t\t\t\t<\/div>\n\t\t\t\t\t<\/div>\n\t\t","protected":false},"excerpt":{"rendered":"<p>Su\u00edomh Gr\u00e9as\u00e1in do Thionscadal na Sc\u00e9imeanna Faoisimh TuilteI mBealtaine 2018, sheol an tAire St\u00e1it d\u2019Oifig na nOibreacha Poibl\u00ed ag an Roinn Caiteachais Phoibl\u00ed agus Athch\u00f3irithe, 29 Plean\u00a0 Bainist\u00edochta Riosca i gC\u00e1s Tuilte d\u2019\u00c9irinn. Sna Pleananna aithn\u00edodh 118 tionscadal faoisimh tuilte san ioml\u00e1n ar dt\u00fas chun cosaint a thabhairt do na ceantar is m\u00f3 at\u00e1 i&#8230;<\/p>\n","protected":false},"author":6,"featured_media":0,"parent":0,"menu_order":0,"comment_status":"closed","ping_status":"closed","template":"","meta":[],"_links":{"self":[{"href":"https:\/\/countydonegalfrs.ie\/index.php\/wp-json\/wp\/v2\/pages\/12521"}],"collection":[{"href":"https:\/\/countydonegalfrs.ie\/index.php\/wp-json\/wp\/v2\/pages"}],"about":[{"href":"https:\/\/countydonegalfrs.ie\/index.php\/wp-json\/wp\/v2\/types\/page"}],"author":[{"embeddable":true,"href":"https:\/\/countydonegalfrs.ie\/index.php\/wp-json\/wp\/v2\/users\/6"}],"replies":[{"embeddable":true,"href":"https:\/\/countydonegalfrs.ie\/index.php\/wp-json\/wp\/v2\/comments?post=12521"}],"version-history":[{"count":7,"href":"https:\/\/countydonegalfrs.ie\/index.php\/wp-json\/wp\/v2\/pages\/12521\/revisions"}],"predecessor-version":[{"id":12531,"href":"https:\/\/countydonegalfrs.ie\/index.php\/wp-json\/wp\/v2\/pages\/12521\/revisions\/12531"}],"wp:attachment":[{"href":"https:\/\/countydonegalfrs.ie\/index.php\/wp-json\/wp\/v2\/media?parent=12521"}],"curies":[{"name":"wp","href":"https:\/\/api.w.org\/{rel}","templated":true}]}}